{"id":3638,"date":"2022-04-29T05:59:47","date_gmt":"2022-04-29T10:59:47","guid":{"rendered":"https:\/\/thechallengecoach.com\/?post_type=product&#038;p=3638"},"modified":"2022-09-05T03:05:50","modified_gmt":"2022-09-05T08:05:50","slug":"ebook-bridging-two-worlds-coaching-and-psychodrama","status":"publish","type":"product","link":"https:\/\/thechallengecoach.com\/fr\/produit\/ebook-bridging-two-worlds-coaching-and-psychodrama","title":{"rendered":"eBook : Un pont entre deux mondes : le coaching et le psychodrame"},"content":{"rendered":"<p>Je suis ravie d'annoncer que j'ai co-\u00e9crit un livre avec\u00a0<strong>Cathy Nugent,<\/strong>\u00a0<em>Bridging Two Worlds : Coaching and Psychodrama - A Manual for Integrating Psychodramatic Action Methods in Coaching.<\/em><\/p>\n<p>En \u00e9crivant ce livre, nous esp\u00e9rons jeter un pont entre les deux mondes du coaching et du psychodrame, en permettant aux coachs d'acc\u00e9der \u00e0 certains des outils offerts par le psychodrame et en \u00e9largissant la compr\u00e9hension qu'ont les th\u00e9rapeutes de la profession de coach.<\/p>\n<p>Le mod\u00e8le de coaching int\u00e9gr\u00e9 utilise des m\u00e9thodes d'action psychodramatiques pour \u00e9tendre et approfondir la m\u00e9thode purement verbale du coaching, ce qui est illustr\u00e9 par des vignettes mettant en sc\u00e8ne un groupe de clients fictifs. Nous sommes convaincus que ce travail ouvrira de nouvelles perspectives.<\/p>\n<p>Le livre a \u00e9t\u00e9 \u00e9valu\u00e9 par un certain nombre de coachs et de psychodramatistes \u00e9minents et nous sommes ravis des premi\u00e8res approbations :<\/p>\n<p>&nbsp;<\/p>\n<p><em>\u201cBrady et Nugent ont cr\u00e9\u00e9 un guide tr\u00e8s utile et puissant pour permettre aux coachs d'int\u00e9grer les techniques psychodramatiques.  Le coaching d'aujourd'hui concerne le corps, le cerveau et l'\u00eatre, et ce manuel montre comment incorporer de nouvelles m\u00e9thodes pour am\u00e9liorer les changements dans le d\u00e9veloppement personnel avec des groupes et des individus \u00e9galement.\u201d<\/em><\/p>\n<p>Patrick Williams, MCC, auteur de Becoming a Professional Life Coach et d'autres ouvrages destin\u00e9s aux professionnels du coaching.<\/p>\n<p>&nbsp;<\/p>\n<p><em>\u201cCe manuel incontournable, rempli de vignettes, d'\u00e9tapes, d'outils et de mod\u00e8les, montrera aux coachs un mod\u00e8le th\u00e9rapeutique adapt\u00e9 qu'ils peuvent utiliser pour obtenir des r\u00e9sultats extraordinaires en mati\u00e8re de coaching.\u201d<\/em><\/p>\n<p>Suzi Pomerantz, MT, MCC, PDG, Innovative Leadership International LLC et auteur de best-sellers.<\/p>\n<p>&nbsp;<\/p>\n<p><em>\u201cCe manuel est une v\u00e9ritable contribution au domaine du psychodrame - il montre que le psychodrame n'est pas r\u00e9serv\u00e9 \u00e0 la psychoth\u00e9rapie, mais qu'il fonctionne parfaitement pour les personnes qui cherchent \u00e0 changer par le biais du coaching.\u201d<\/em><\/p>\n<p>Karen Carnabucci, LCSW, TEP, fondatrice de l'\u00e9cole de psychodrame et de psychoth\u00e9rapies exp\u00e9rientielles de Lancaster<\/p>\n<p>&nbsp;<\/p>\n<p><em>\"Bridging Two Worlds : Coaching and Psychodrama' est un manuel tr\u00e8s pratique et utile pour les coachs qui cherchent \u00e0 \u00e9tendre leur pratique avec des techniques nouvelles et vivifiantes, ainsi qu'un outil \u00e9ducatif pour les psychodramatistes.'<\/em><\/p>\n<p>Sylvia Israel, LMFT, RDT\/BCT, TEP, directrice du Bay Area Moreno Institute, membre du corps enseignant du California Institute of Integral Studies et membre du corps enseignant de la Kansas State University.<\/p>\n<p>&nbsp;<\/p>\n<p><em>\u201cDans ce livre, Brady et Nugent fournissent de merveilleux exemples et un excellent r\u00e9capitulatif des actions n\u00e9cessaires pour mettre en \u0153uvre chaque technique avec succ\u00e8s. Je ne doute pas que l'utilisation de leur travail vous aidera \u00e0 \u00eatre encore plus efficace avec vos clients.\u201d<\/em><\/p>\n<p>Jay Colker, fondateur de Crowdsourced Coaching LLC et Senior Adjunct Faculty, Adler University<\/p>\n<p>&nbsp;<\/p>\n<p><em>\u201cJe recommande vivement aux coachs et aux praticiens du psychodrame de profiter de l'expertise partag\u00e9e ici.  Les m\u00e9thodes sont bien d\u00e9crites, les vignettes sont r\u00e9alistes et le ton g\u00e9n\u00e9ral est facile \u00e0 suivre. Quel cadeau pour le domaine de l'apprentissage par l'exp\u00e9rience !\u201d<\/em><\/p>\n<p>Kimberly Dailey, MSW, CP, OD, Co-CEO, Dailey Innovations<\/p>","protected":false},"excerpt":{"rendered":"<p>Livre \u00e9lectronique : Bridging Two Worlds : Coaching and Psychodrama. Nouveau manuel incluant le <strong><em>Mod\u00e8le de coaching int\u00e9gr\u00e9,<\/em><\/strong> et illustr\u00e9 par des vignettes mettant en sc\u00e8ne des clients fictifs.<\/p>","protected":false},"featured_media":3629,"comment_status":"open","ping_status":"closed","template":"","meta":{"_monsterinsights_skip_tracking":false,"_monsterinsights_sitenote_active":false,"_monsterinsights_sitenote_note":"","_monsterinsights_sitenote_category":0},"product_brand":[],"product_cat":[26],"product_tag":[],"class_list":{"0":"post-3638","1":"product","2":"type-product","3":"status-publish","4":"has-post-thumbnail","6":"product_cat-ebooks","8":"first","9":"instock","10":"downloadable","11":"virtual","12":"taxable","13":"purchasable","14":"product-type-simple","15":"czr-hentry"},"yoast_head":"<!-- This site is optimized with the Yoast SEO plugin v27.4 - https:\/\/yoast.com\/product\/yoast-seo-wordpress\/ -->\n<title>eBook: Bridging Two Worlds: Coaching and Psychodrama &#8211; The Challenge Coach<\/title>\n<meta name=\"description\" content=\"The groundbreaking Integrated Coaching Model, illustrated with vignettes featuring a cast of fictional coaching clients.\" \/>\n<meta name=\"robots\" content=\"index, follow, max-snippet:-1, max-image-preview:large, max-video-preview:-1\" \/>\n<link rel=\"canonical\" href=\"https:\/\/thechallengecoach.com\/fr\/produit\/ebook-bridging-two-worlds-coaching-and-psychodrama\/\" \/>\n<meta property=\"og:locale\" content=\"fr_FR\" \/>\n<meta property=\"og:type\" content=\"article\" \/>\n<meta property=\"og:title\" content=\"eBook: Bridging Two Worlds: Coaching and Psychodrama &#8211; The Challenge Coach\" \/>\n<meta property=\"og:description\" content=\"The groundbreaking Integrated Coaching Model, illustrated with vignettes featuring a cast of fictional coaching clients.\" \/>\n<meta property=\"og:url\" content=\"https:\/\/thechallengecoach.com\/fr\/produit\/ebook-bridging-two-worlds-coaching-and-psychodrama\/\" \/>\n<meta property=\"og:site_name\" content=\"The Challenge Coach\" \/>\n<meta property=\"article:publisher\" content=\"https:\/\/www.facebook.com\/Pascale.Brady.TheChallengeCoach\" \/>\n<meta property=\"article:modified_time\" content=\"2022-09-05T08:05:50+00:00\" \/>\n<meta property=\"og:image\" content=\"https:\/\/thechallengecoach.com\/wp-content\/uploads\/2022\/04\/3D-book-square.png\" \/>\n\t<meta property=\"og:image:width\" content=\"671\" \/>\n\t<meta property=\"og:image:height\" content=\"671\" \/>\n\t<meta property=\"og:image:type\" content=\"image\/png\" \/>\n<meta name=\"twitter:card\" content=\"summary_large_image\" \/>\n<meta name=\"twitter:site\" content=\"@pascalebrady\" \/>\n<meta name=\"twitter:label1\" content=\"Dur\u00e9e de lecture estim\u00e9e\" \/>\n\t<meta name=\"twitter:data1\" content=\"2 minutes\" \/>\n<script type=\"application\/ld+json\" class=\"yoast-schema-graph\">{\"@context\":\"https:\\\/\\\/schema.org\",\"@graph\":[{\"@type\":\"WebPage\",\"@id\":\"https:\\\/\\\/thechallengecoach.com\\\/product\\\/ebook-bridging-two-worlds-coaching-and-psychodrama\",\"url\":\"https:\\\/\\\/thechallengecoach.com\\\/product\\\/ebook-bridging-two-worlds-coaching-and-psychodrama\",\"name\":\"eBook: Bridging Two Worlds: Coaching and Psychodrama &#8211; The Challenge Coach\",\"isPartOf\":{\"@id\":\"https:\\\/\\\/thechallengecoach.com\\\/#website\"},\"primaryImageOfPage\":{\"@id\":\"https:\\\/\\\/thechallengecoach.com\\\/product\\\/ebook-bridging-two-worlds-coaching-and-psychodrama#primaryimage\"},\"image\":{\"@id\":\"https:\\\/\\\/thechallengecoach.com\\\/product\\\/ebook-bridging-two-worlds-coaching-and-psychodrama#primaryimage\"},\"thumbnailUrl\":\"https:\\\/\\\/thechallengecoach.com\\\/wp-content\\\/uploads\\\/2022\\\/04\\\/3D-book-square.png\",\"datePublished\":\"2022-04-29T10:59:47+00:00\",\"dateModified\":\"2022-09-05T08:05:50+00:00\",\"description\":\"The groundbreaking Integrated Coaching Model, illustrated with vignettes featuring a cast of fictional coaching clients.\",\"breadcrumb\":{\"@id\":\"https:\\\/\\\/thechallengecoach.com\\\/product\\\/ebook-bridging-two-worlds-coaching-and-psychodrama#breadcrumb\"},\"inLanguage\":\"fr-FR\",\"potentialAction\":[{\"@type\":\"ReadAction\",\"target\":[\"https:\\\/\\\/thechallengecoach.com\\\/product\\\/ebook-bridging-two-worlds-coaching-and-psychodrama\"]}]},{\"@type\":\"ImageObject\",\"inLanguage\":\"fr-FR\",\"@id\":\"https:\\\/\\\/thechallengecoach.com\\\/product\\\/ebook-bridging-two-worlds-coaching-and-psychodrama#primaryimage\",\"url\":\"https:\\\/\\\/thechallengecoach.com\\\/wp-content\\\/uploads\\\/2022\\\/04\\\/3D-book-square.png\",\"contentUrl\":\"https:\\\/\\\/thechallengecoach.com\\\/wp-content\\\/uploads\\\/2022\\\/04\\\/3D-book-square.png\",\"width\":671,\"height\":671,\"caption\":\"Bridging Two Worlds: Coaching and Psychodrama\"},{\"@type\":\"BreadcrumbList\",\"@id\":\"https:\\\/\\\/thechallengecoach.com\\\/product\\\/ebook-bridging-two-worlds-coaching-and-psychodrama#breadcrumb\",\"itemListElement\":[{\"@type\":\"ListItem\",\"position\":1,\"name\":\"Home\",\"item\":\"https:\\\/\\\/thechallengecoach.com\\\/\"},{\"@type\":\"ListItem\",\"position\":2,\"name\":\"Shop\",\"item\":\"https:\\\/\\\/thechallengecoach.com\\\/shop\"},{\"@type\":\"ListItem\",\"position\":3,\"name\":\"eBook: Bridging Two Worlds: Coaching and Psychodrama\"}]},{\"@type\":\"WebSite\",\"@id\":\"https:\\\/\\\/thechallengecoach.com\\\/#website\",\"url\":\"https:\\\/\\\/thechallengecoach.com\\\/\",\"name\":\"The Challenge Coach\",\"description\":\"Transforming challenges into growth and success\",\"publisher\":{\"@id\":\"https:\\\/\\\/thechallengecoach.com\\\/#organization\"},\"potentialAction\":[{\"@type\":\"SearchAction\",\"target\":{\"@type\":\"EntryPoint\",\"urlTemplate\":\"https:\\\/\\\/thechallengecoach.com\\\/?s={search_term_string}\"},\"query-input\":{\"@type\":\"PropertyValueSpecification\",\"valueRequired\":true,\"valueName\":\"search_term_string\"}}],\"inLanguage\":\"fr-FR\"},{\"@type\":\"Organization\",\"@id\":\"https:\\\/\\\/thechallengecoach.com\\\/#organization\",\"name\":\"The Challenge Coach\",\"url\":\"https:\\\/\\\/thechallengecoach.com\\\/\",\"logo\":{\"@type\":\"ImageObject\",\"inLanguage\":\"fr-FR\",\"@id\":\"https:\\\/\\\/thechallengecoach.com\\\/#\\\/schema\\\/logo\\\/image\\\/\",\"url\":\"https:\\\/\\\/thechallengecoach.com\\\/wp-content\\\/uploads\\\/2023\\\/02\\\/The-Challenge-Coach-logo-RGB-small.jpg\",\"contentUrl\":\"https:\\\/\\\/thechallengecoach.com\\\/wp-content\\\/uploads\\\/2023\\\/02\\\/The-Challenge-Coach-logo-RGB-small.jpg\",\"width\":600,\"height\":179,\"caption\":\"The Challenge Coach\"},\"image\":{\"@id\":\"https:\\\/\\\/thechallengecoach.com\\\/#\\\/schema\\\/logo\\\/image\\\/\"},\"sameAs\":[\"https:\\\/\\\/www.facebook.com\\\/Pascale.Brady.TheChallengeCoach\",\"https:\\\/\\\/x.com\\\/pascalebrady\",\"https:\\\/\\\/instagram.com\\\/the_challenge_coach\",\"https:\\\/\\\/www.linkedin.com\\\/in\\\/TheChallengeCoach\",\"https:\\\/\\\/www.pinterest.com\\\/globallifecoach\"]}]}<\/script>\n<!-- \/ Yoast SEO plugin. -->","yoast_head_json":{"title":"eBook: Bridging Two Worlds: Coaching and Psychodrama &#8211; The Challenge Coach","description":"The groundbreaking Integrated Coaching Model, illustrated with vignettes featuring a cast of fictional coaching clients.","robots":{"index":"index","follow":"follow","max-snippet":"max-snippet:-1","max-image-preview":"max-image-preview:large","max-video-preview":"max-video-preview:-1"},"canonical":"https:\/\/thechallengecoach.com\/fr\/produit\/ebook-bridging-two-worlds-coaching-and-psychodrama\/","og_locale":"fr_FR","og_type":"article","og_title":"eBook: Bridging Two Worlds: Coaching and Psychodrama &#8211; The Challenge Coach","og_description":"The groundbreaking Integrated Coaching Model, illustrated with vignettes featuring a cast of fictional coaching clients.","og_url":"https:\/\/thechallengecoach.com\/fr\/produit\/ebook-bridging-two-worlds-coaching-and-psychodrama\/","og_site_name":"The Challenge Coach","article_publisher":"https:\/\/www.facebook.com\/Pascale.Brady.TheChallengeCoach","article_modified_time":"2022-09-05T08:05:50+00:00","og_image":[{"width":671,"height":671,"url":"https:\/\/thechallengecoach.com\/wp-content\/uploads\/2022\/04\/3D-book-square.png","type":"image\/png"}],"twitter_card":"summary_large_image","twitter_site":"@pascalebrady","twitter_misc":{"Dur\u00e9e de lecture estim\u00e9e":"2 minutes"},"schema":{"@context":"https:\/\/schema.org","@graph":[{"@type":"WebPage","@id":"https:\/\/thechallengecoach.com\/product\/ebook-bridging-two-worlds-coaching-and-psychodrama","url":"https:\/\/thechallengecoach.com\/product\/ebook-bridging-two-worlds-coaching-and-psychodrama","name":"eBook: Bridging Two Worlds: Coaching and Psychodrama &#8211; The Challenge Coach","isPartOf":{"@id":"https:\/\/thechallengecoach.com\/#website"},"primaryImageOfPage":{"@id":"https:\/\/thechallengecoach.com\/product\/ebook-bridging-two-worlds-coaching-and-psychodrama#primaryimage"},"image":{"@id":"https:\/\/thechallengecoach.com\/product\/ebook-bridging-two-worlds-coaching-and-psychodrama#primaryimage"},"thumbnailUrl":"https:\/\/thechallengecoach.com\/wp-content\/uploads\/2022\/04\/3D-book-square.png","datePublished":"2022-04-29T10:59:47+00:00","dateModified":"2022-09-05T08:05:50+00:00","description":"The groundbreaking Integrated Coaching Model, illustrated with vignettes featuring a cast of fictional coaching clients.","breadcrumb":{"@id":"https:\/\/thechallengecoach.com\/product\/ebook-bridging-two-worlds-coaching-and-psychodrama#breadcrumb"},"inLanguage":"fr-FR","potentialAction":[{"@type":"ReadAction","target":["https:\/\/thechallengecoach.com\/product\/ebook-bridging-two-worlds-coaching-and-psychodrama"]}]},{"@type":"ImageObject","inLanguage":"fr-FR","@id":"https:\/\/thechallengecoach.com\/product\/ebook-bridging-two-worlds-coaching-and-psychodrama#primaryimage","url":"https:\/\/thechallengecoach.com\/wp-content\/uploads\/2022\/04\/3D-book-square.png","contentUrl":"https:\/\/thechallengecoach.com\/wp-content\/uploads\/2022\/04\/3D-book-square.png","width":671,"height":671,"caption":"Bridging Two Worlds: Coaching and Psychodrama"},{"@type":"BreadcrumbList","@id":"https:\/\/thechallengecoach.com\/product\/ebook-bridging-two-worlds-coaching-and-psychodrama#breadcrumb","itemListElement":[{"@type":"ListItem","position":1,"name":"Home","item":"https:\/\/thechallengecoach.com\/"},{"@type":"ListItem","position":2,"name":"Shop","item":"https:\/\/thechallengecoach.com\/shop"},{"@type":"ListItem","position":3,"name":"eBook: Bridging Two Worlds: Coaching and Psychodrama"}]},{"@type":"WebSite","@id":"https:\/\/thechallengecoach.com\/#website","url":"https:\/\/thechallengecoach.com\/","name":"La coach du d\u00e9fi","description":"Transformer les d\u00e9fis en croissance et succ\u00e8s","publisher":{"@id":"https:\/\/thechallengecoach.com\/#organization"},"potentialAction":[{"@type":"SearchAction","target":{"@type":"EntryPoint","urlTemplate":"https:\/\/thechallengecoach.com\/?s={search_term_string}"},"query-input":{"@type":"PropertyValueSpecification","valueRequired":true,"valueName":"search_term_string"}}],"inLanguage":"fr-FR"},{"@type":"Organization","@id":"https:\/\/thechallengecoach.com\/#organization","name":"La coach du d\u00e9fi","url":"https:\/\/thechallengecoach.com\/","logo":{"@type":"ImageObject","inLanguage":"fr-FR","@id":"https:\/\/thechallengecoach.com\/#\/schema\/logo\/image\/","url":"https:\/\/thechallengecoach.com\/wp-content\/uploads\/2023\/02\/The-Challenge-Coach-logo-RGB-small.jpg","contentUrl":"https:\/\/thechallengecoach.com\/wp-content\/uploads\/2023\/02\/The-Challenge-Coach-logo-RGB-small.jpg","width":600,"height":179,"caption":"The Challenge Coach"},"image":{"@id":"https:\/\/thechallengecoach.com\/#\/schema\/logo\/image\/"},"sameAs":["https:\/\/www.facebook.com\/Pascale.Brady.TheChallengeCoach","https:\/\/x.com\/pascalebrady","https:\/\/instagram.com\/the_challenge_coach","https:\/\/www.linkedin.com\/in\/TheChallengeCoach","https:\/\/www.pinterest.com\/globallifecoach"]}]}},"jetpack_sharing_enabled":true,"_links":{"self":[{"href":"https:\/\/thechallengecoach.com\/fr\/wp-json\/wp\/v2\/product\/3638","targetHints":{"allow":["GET"]}}],"collection":[{"href":"https:\/\/thechallengecoach.com\/fr\/wp-json\/wp\/v2\/product"}],"about":[{"href":"https:\/\/thechallengecoach.com\/fr\/wp-json\/wp\/v2\/types\/product"}],"replies":[{"embeddable":true,"href":"https:\/\/thechallengecoach.com\/fr\/wp-json\/wp\/v2\/comments?post=3638"}],"wp:featuredmedia":[{"embeddable":true,"href":"https:\/\/thechallengecoach.com\/fr\/wp-json\/wp\/v2\/media\/3629"}],"wp:attachment":[{"href":"https:\/\/thechallengecoach.com\/fr\/wp-json\/wp\/v2\/media?parent=3638"}],"wp:term":[{"taxonomy":"product_brand","embeddable":true,"href":"https:\/\/thechallengecoach.com\/fr\/wp-json\/wp\/v2\/product_brand?post=3638"},{"taxonomy":"product_cat","embeddable":true,"href":"https:\/\/thechallengecoach.com\/fr\/wp-json\/wp\/v2\/product_cat?post=3638"},{"taxonomy":"product_tag","embeddable":true,"href":"https:\/\/thechallengecoach.com\/fr\/wp-json\/wp\/v2\/product_tag?post=3638"}],"curies":[{"name":"wp","href":"https:\/\/api.w.org\/{rel}","templated":true}]}}