{"id":3,"date":"2020-09-08T16:08:51","date_gmt":"2020-09-08T16:08:51","guid":{"rendered":"http:\/\/test06.connexusweb.com\/?page_id=3"},"modified":"2020-12-08T20:48:33","modified_gmt":"2020-12-08T20:48:33","slug":"privacy-policy","status":"publish","type":"page","link":"https:\/\/thechallengecoach.com\/fr\/privacy-policy","title":{"rendered":"POLITIQUE DE CONFIDENTIALIT\u00c9"},"content":{"rendered":"<p>Cette politique de confidentialit\u00e9 a \u00e9t\u00e9 \u00e9tablie pour mieux servir ceux qui sont pr\u00e9occup\u00e9s par la fa\u00e7on dont leurs \"informations personnelles identifiables\" (PII) sont utilis\u00e9es en ligne. Les PII, telles que d\u00e9crites dans la loi am\u00e9ricaine sur la confidentialit\u00e9 et la s\u00e9curit\u00e9 des informations, sont des informations qui peuvent \u00eatre utilis\u00e9es seules ou avec d'autres informations pour identifier, contacter ou localiser une seule personne, ou pour identifier une personne dans son contexte. Veuillez lire attentivement notre politique de confidentialit\u00e9 pour bien comprendre comment nous collectons, utilisons, prot\u00e9geons ou traitons vos informations personnellement identifiables conform\u00e9ment \u00e0 notre site Web.<\/p>\n\n\n\n<p><strong>Quelles informations personnelles collectons-nous aupr\u00e8s des personnes qui visitent notre blog, site Web ou application?<\/strong><\/p>\n\n\n\n<p>Lors de la commande ou de l'inscription sur notre site, selon le cas, vous pouvez \u00eatre invit\u00e9 \u00e0 saisir votre nom, votre adresse e-mail ou d'autres d\u00e9tails pour vous aider dans votre d\u00e9marche.<\/p>\n\n\n\n<h2 class=\"wp-block-heading\">Quand recueillons-nous des informations?<\/h2>\n\n\n\n<p>Nous recueillons des informations aupr\u00e8s de vous lorsque vous vous abonnez \u00e0 une newsletter ou entrez des informations sur notre site.<\/p>\n\n\n\n<h2 class=\"wp-block-heading\">Comment utilisons-nous vos informations?<\/h2>\n\n\n\n<p>Nous pouvons utiliser les informations que nous recueillons aupr\u00e8s de vous lorsque vous vous inscrivez, effectuez un achat, vous inscrivez \u00e0 notre newsletter, r\u00e9pondez \u00e0 un sondage ou \u00e0 une communication marketing, surfez sur le site Web ou utilisez certaines autres fonctionnalit\u00e9s du site de la mani\u00e8re suivante:<\/p>\n\n\n\n<ul class=\"wp-block-list\"><li>Pour envoyer des courriels p\u00e9riodiques concernant votre commande ou d&#039;autres produits et services.<\/li><li>Pour effectuer un suivi apr\u00e8s correspondance (chat en direct, demandes par e-mail ou t\u00e9l\u00e9phone)<\/li><\/ul>\n\n\n\n<h2 class=\"wp-block-heading\">Comment prot\u00e9geons-nous vos informations?<\/h2>\n\n\n\n<p>Nous n'utilisons pas d'analyse de vuln\u00e9rabilit\u00e9 et\/ou d'analyse aux normes PCI.<\/p>\n\n\n\n<p>Nous ne fournissons que des articles et des informations. Nous ne demandons jamais de num\u00e9ros de carte de cr\u00e9dit.<\/p>\n\n\n\n<p>Nous effectuons une analyse r\u00e9guli\u00e8re des logiciels malveillants.<\/p>\n\n\n\n<p>Vos informations personnelles sont contenues dans des r\u00e9seaux s\u00e9curis\u00e9s et ne sont accessibles que par un nombre limit\u00e9 de personnes qui ont des droits d'acc\u00e8s sp\u00e9ciaux \u00e0 ces syst\u00e8mes et sont tenues de garder les informations confidentielles. De plus, toutes les informations sensibles de cr\u00e9dit que vous fournissez sont crypt\u00e9es via la technologie Secure Socket Layer (SSL).<\/p>\n\n\n\n<p>Nous mettons en \u0153uvre une s\u00e9rie de mesures de suret\u00e9 lorsqu'un utilisateur entre, soumet ou acc\u00e8de \u00e0 ses informations pour maintenir la s\u00e9curit\u00e9 de ses informations personnelles.<\/p>\n\n\n\n<p>Toutes les transactions sont trait\u00e9es via un fournisseur de passerelle et ne sont ni stock\u00e9es ni trait\u00e9es sur nos serveurs.<\/p>\n\n\n\n<h2 class=\"wp-block-heading\">Utilisons-nous des \u00abcookies\u00bb?<\/h2>\n\n\n\n<p>Oui. Les cookies sont de petits fichiers qu'un site ou son fournisseur de services transf\u00e8re sur le disque dur de votre ordinateur via votre navigateur Web (si vous l'autorisez). Ils permettent aux syst\u00e8mes du site ou du fournisseur de services de reconna\u00eetre votre navigateur et de capturer et de m\u00e9moriser certaines informations. Par exemple, nous utilisons des cookies pour nous aider \u00e0 m\u00e9moriser et \u00e0 traiter les articles de votre panier. Ils sont \u00e9galement utiles pour nous aider \u00e0 comprendre vos pr\u00e9f\u00e9rences en fonction de vos interventions pass\u00e9es ou pr\u00e9sentes sur le site, ce qui nous permet de vous fournir des services adapt\u00e9s. Nous utilisons \u00e9galement des cookies pour nous aider \u00e0 collecter des donn\u00e9es sur le trafic et l'interaction du site, afin de vous offrir de meilleurs conseils et outils par la suite.<\/p>\n\n\n\n<h2 class=\"wp-block-heading\">Nous utilisons des cookies pour :<\/h2>\n\n\n\n<p>Compilez des donn\u00e9es sur le trafic et les interactions du site afin d'offrir de meilleurs conseils et outils par la suite. Nous pouvons \u00e9galement utiliser des services de tiers de confiance qui suivent ces informations en notre nom.<br>Vous pouvez choisir que votre ordinateur vous avertisse chaque fois qu&#039;un cookie est envoy\u00e9, ou vous pouvez choisir de d\u00e9sactiver tous les cookies. Vous faites cela via les param\u00e8tres de votre navigateur. \u00c9tant donn\u00e9 que chaque navigateur est un peu diff\u00e9rent, consultez le menu d&#039;aide de votre navigateur pour savoir comment modifier correctement vos cookies.<\/p>\n\n\n\n<p>Si vous d\u00e9sactivez les cookies, certaines des fonctionnalit\u00e9s qui rendent la navigation de votre site plus efficace risquent de ne pas fonctionner correctement.<\/p>\n\n\n\n<h2 class=\"wp-block-heading\">Divulgation \u00e0 des tiers<\/h2>\n\n\n\n<p>Nous ne vendons pas, n'\u00e9changeons pas, ni ne transf\u00e9rons \u00e0 des tiers vos informations personnelles identifiables.<\/p>\n\n\n\n<h2 class=\"wp-block-heading\">Google<\/h2>\n\n\n\n<p>Les exigences publicitaires de Google peuvent \u00eatre r\u00e9sum\u00e9es par les principes publicitaires de Google. Ils sont mis en place pour offrir une exp\u00e9rience positive aux utilisateurs. <a href=\"https:\/\/support.google.com\/adwordspolicy\/answer\/1316548?hl=en\">https:\/\/support.google.com\/adwordspolicy\/answer\/1316548?hl=en<\/a><\/p>\n\n\n\n<p>Nous n&#039;avons pas activ\u00e9 Google AdSense sur notre site, mais nous pourrions le faire \u00e0 l&#039;avenir.<\/p>\n\n\n\n<h2 class=\"wp-block-heading\">California Online Privacy Protection Act<\/h2>\n\n\n\n<p>CalOPPA est la premi\u00e8re loi d'\u00c9tat du pays \u00e0 exiger que les sites Web commerciaux et les services en ligne publient une politique de confidentialit\u00e9. La port\u00e9e de la loi s'\u00e9tend bien au-del\u00e0 de la Californie pour exiger de toute personne ou entreprise aux \u00c9tats-Unis (et \u00e9ventuellement dans le monde) qui exploite des sites Web collectant des informations personnelles identifiables aupr\u00e8s de consommateurs californiens, d'afficher une politique de confidentialit\u00e9 bien visible sur leur site Web indiquant exactement les informations collect\u00e9es et celles des particuliers ou des entreprises avec lesquels il est partag\u00e9. - Voir plus \u00e0 : <a href=\"https:\/\/consumercal.org\/california-online-privacy-protection-act-caloppa\/#sthash.0FdRbT51.dpuf\">https:\/\/consumercal.org\/california-online-privacy-protection-act-caloppa\/#sthash.0FdRbT51.dpuf<\/a><\/p>\n\n\n\n<h2 class=\"wp-block-heading\">Selon CalOPPA, nous convenons de ce qui suit :<\/h2>\n\n\n\n<p>Les utilisateurs peuvent visiter notre site de mani\u00e8re anonyme.<\/p>\n\n\n\n<p>Une fois cette politique de confidentialit\u00e9 cr\u00e9\u00e9e, nous ajouterons un lien vers celle-ci sur notre page d'accueil ou, au minimum, sur la premi\u00e8re page apr\u00e8s avoir acc\u00e9d\u00e9 \u00e0 notre site Web.<\/p>\n\n\n\n<p>Notre lien Politique de confidentialit\u00e9 comprend le mot \u00abConfidentialit\u00e9\u00bb et peut facilement \u00eatre trouv\u00e9 sur la page sp\u00e9cifi\u00e9e ci-dessus.<br>Vous serez inform\u00e9 de tout changement de politique de confidentialit\u00e9 sur notre page \"Politique de confidentialit\u00e9\".<\/p>\n\n\n\n<p>Vous pouvez modifier vos informations personnelles en nous envoyant un e-mail.<\/p>\n\n\n\n<h2 class=\"wp-block-heading\">Comment notre site g\u00e8re-t-il Ne pas suivre les signaux?<\/h2>\n\n\n\n<p>Nous respectons les signaux \"Ne pas suivre, planter des cookies ou utiliser de la publicit\u00e9\" lorsqu'un m\u00e9canisme de navigateur \"Ne pas suivre\" (DNT) est en place.<\/p>\n\n\n\n<p>Notre site autorise-t-il le suivi comportemental de tiers ?<br>Il est \u00e9galement important de noter que nous n'autorisons pas le suivi comportemental de tiers.<\/p>\n\n\n\n<h2 class=\"wp-block-heading\">COPPA (loi sur la protection de la vie priv\u00e9e des enfants en ligne)<\/h2>\n\n\n\n<p>En ce qui concerne la collecte d&#039;informations personnelles d&#039;enfants de moins de 13 ans, la loi sur la protection de la vie priv\u00e9e en ligne des enfants (COPPA) donne le contr\u00f4le aux parents. La Federal Trade Commission, l&#039;agence de protection des consommateurs des \u00c9tats-Unis, applique la r\u00e8gle COPPA, qui d\u00e9finit ce que les op\u00e9rateurs de sites Web et de services en ligne doivent faire pour prot\u00e9ger la vie priv\u00e9e et la s\u00e9curit\u00e9 des enfants en ligne.<\/p>\n\n\n\n<p>Nous ne sollicitons pas commercialement les enfants de moins de 13 ans.<\/p>\n\n\n\n<h2 class=\"wp-block-heading\">Pratiques d&#039;information \u00e9quitables<\/h2>\n\n\n\n<p>Les principes de pratiques \u00e9quitables en mati\u00e8re d&#039;information constituent l&#039;\u00e9pine dorsale de la loi sur la protection de la vie priv\u00e9e aux \u00c9tats-Unis et les concepts qu&#039;ils incluent ont jou\u00e9 un r\u00f4le important dans l&#039;\u00e9laboration de lois sur la protection des donn\u00e9es dans le monde entier. Comprendre les principes de la pratique \u00e9quitable de l&#039;information et la mani\u00e8re dont ils doivent \u00eatre mis en \u0153uvre est essentiel pour se conformer aux diverses lois sur la confidentialit\u00e9 qui prot\u00e8gent les renseignements personnels.<\/p>\n\n\n\n<h2 class=\"wp-block-heading\">Afin d'\u00eatre en conformit\u00e9 avec des pratiques d'information \u00e9quitables, nous prendrons les mesures r\u00e9actives suivantes en cas de violation de donn\u00e9es :<\/h2>\n\n\n\n<p>Nous vous informerons par e-mail dans un d\u00e9lai d&#039;un jour ouvrable.<\/p>\n\n\n\n<p>Nous acceptons \u00e9galement le principe de r\u00e9paration individuelle qui exige que les individus aient le droit d'exercer l\u00e9galement des droits ex\u00e9cutoires contre les collecteurs de donn\u00e9es et les sous-traitants qui ne respectent pas la loi. Ce principe exige non seulement que les individus aient des droits opposables contre les utilisateurs de donn\u00e9es, mais \u00e9galement que les individus aient recours aux tribunaux ou aux agences gouvernementales pour enqu\u00eater et\/ou poursuivre en justice le non-respect par les processeurs de donn\u00e9es.<\/p>\n\n\n\n<h2 class=\"wp-block-heading\">CAN SPAM Act<\/h2>\n\n\n\n<p>La loi CAN-SPAM est une loi qui d\u00e9finit les r\u00e8gles relatives aux e-mails commerciaux, \u00e9tablit les exigences pour les messages commerciaux, donne aux destinataires le droit de ne plus leur envoyer d&#039;e-mails et \u00e9nonce des sanctions s\u00e9v\u00e8res en cas de violation.<\/p>\n\n\n\n<p><strong>Nous collectons votre adresse e-mail afin d'<\/strong> envoyer des informations, r\u00e9pondre aux demandes de renseignements et\/ou \u00e0 d'autres demandes ou questions.<\/p>\n\n\n\n<h2 class=\"wp-block-heading\">Pour \u00eatre en accord avec CANSPAM, nous nous engageons \u00e0 :<\/h2>\n\n\n\n<ul class=\"wp-block-list\"><li>Ne pas utiliser de sujets ou d'adresses e-mail faux ou trompeurs.<\/li><li>Identifier le message comme une publicit\u00e9 d'une mani\u00e8re raisonnable.<\/li><li>Inclure l'adresse physique de notre entreprise ou du si\u00e8ge social de notre site.<\/li><li>Surveiller la conformit\u00e9 des services de marketing par e-mail tiers, le cas \u00e9ch\u00e9ant.<\/li><li>R\u00e9pondre rapidement aux demandes de d\u00e9sabonnement \/ d\u00e9sabonnement.<\/li><li>Autoriser les utilisateurs \u00e0 se d\u00e9sabonner en utilisant le lien au bas de chaque e-mail.<\/li><\/ul>\n\n\n\n<p><strong>Si \u00e0 tout moment vous souhaitez vous d\u00e9sinscrire de la r\u00e9ception de futurs e-mails, vous pouvez nous envoyer un e-mail \u00e0 info@TheChallengeCoach.com, ou vous pouvez<\/strong> suivre les instructions au bas de chaque e-mail et nous vous retirerons rapidement de <strong>TOUTE<\/strong> correspondance.<\/p>\n\n\n\n<h2 class=\"wp-block-heading\">Contactez-nous<\/h2>\n\n\n\n<p>Si vous avez des questions concernant cette politique de confidentialit\u00e9, vous pouvez nous contacter en utilisant les informations ci-dessous.<\/p>\n\n\n\n<p><a href=\"https:\/\/thechallengecoach.com\/fr\/\">https:\/\/www.thechallengecoach.com<\/a><br><a href=\"mailto:info@thechallengecoach.com\">info@thechallengecoach.com<\/a><br>240-801-5080<\/p>\n\n\n\n<p>Derni\u00e8re modification le 2017-03-03<\/p>","protected":false},"excerpt":{"rendered":"<p>This privacy policy has been compiled to better serve those who are concerned with how their &#8216;Personally Identifiable Information&#8217; (PII) is being used online. PII, as described in US privacy [&hellip;]<\/p>\n","protected":false},"author":1,"featured_media":0,"parent":0,"menu_order":0,"comment_status":"closed","ping_status":"open","template":"","meta":{"_monsterinsights_skip_tracking":false,"_monsterinsights_sitenote_active":false,"_monsterinsights_sitenote_note":"","_monsterinsights_sitenote_category":0,"footnotes":""},"class_list":["post-3","page","type-page","status-publish","czr-hentry"],"yoast_head":"<!-- This site is optimized with the Yoast SEO plugin v27.4 - https:\/\/yoast.com\/product\/yoast-seo-wordpress\/ -->\n<title>PRIVACY POLICY &#8211; The Challenge Coach<\/title>\n<meta name=\"robots\" content=\"index, follow, max-snippet:-1, max-image-preview:large, max-video-preview:-1\" \/>\n<link rel=\"canonical\" href=\"https:\/\/thechallengecoach.com\/fr\/privacy-policy\/\" \/>\n<meta property=\"og:locale\" content=\"fr_FR\" \/>\n<meta property=\"og:type\" content=\"article\" \/>\n<meta property=\"og:title\" content=\"PRIVACY POLICY &#8211; The Challenge Coach\" \/>\n<meta property=\"og:description\" content=\"This privacy policy has been compiled to better serve those who are concerned with how their &#039;Personally Identifiable Information&#039; (PII) is being used online. PII, as described in US privacy [&hellip;]\" \/>\n<meta property=\"og:url\" content=\"https:\/\/thechallengecoach.com\/fr\/privacy-policy\/\" \/>\n<meta property=\"og:site_name\" content=\"The Challenge Coach\" \/>\n<meta property=\"article:publisher\" content=\"https:\/\/www.facebook.com\/Pascale.Brady.TheChallengeCoach\" \/>\n<meta property=\"article:modified_time\" content=\"2020-12-08T20:48:33+00:00\" \/>\n<meta name=\"twitter:card\" content=\"summary_large_image\" \/>\n<meta name=\"twitter:site\" content=\"@pascalebrady\" \/>\n<meta name=\"twitter:label1\" content=\"Dur\u00e9e de lecture estim\u00e9e\" \/>\n\t<meta name=\"twitter:data1\" content=\"7 minutes\" \/>\n<script type=\"application\/ld+json\" class=\"yoast-schema-graph\">{\"@context\":\"https:\\\/\\\/schema.org\",\"@graph\":[{\"@type\":\"WebPage\",\"@id\":\"https:\\\/\\\/thechallengecoach.com\\\/privacy-policy\",\"url\":\"https:\\\/\\\/thechallengecoach.com\\\/privacy-policy\",\"name\":\"PRIVACY POLICY &#8211; The Challenge Coach\",\"isPartOf\":{\"@id\":\"https:\\\/\\\/thechallengecoach.com\\\/#website\"},\"datePublished\":\"2020-09-08T16:08:51+00:00\",\"dateModified\":\"2020-12-08T20:48:33+00:00\",\"breadcrumb\":{\"@id\":\"https:\\\/\\\/thechallengecoach.com\\\/privacy-policy#breadcrumb\"},\"inLanguage\":\"fr-FR\",\"potentialAction\":[{\"@type\":\"ReadAction\",\"target\":[\"https:\\\/\\\/thechallengecoach.com\\\/privacy-policy\"]}]},{\"@type\":\"BreadcrumbList\",\"@id\":\"https:\\\/\\\/thechallengecoach.com\\\/privacy-policy#breadcrumb\",\"itemListElement\":[{\"@type\":\"ListItem\",\"position\":1,\"name\":\"Home\",\"item\":\"https:\\\/\\\/thechallengecoach.com\\\/\"},{\"@type\":\"ListItem\",\"position\":2,\"name\":\"PRIVACY POLICY\"}]},{\"@type\":\"WebSite\",\"@id\":\"https:\\\/\\\/thechallengecoach.com\\\/#website\",\"url\":\"https:\\\/\\\/thechallengecoach.com\\\/\",\"name\":\"The Challenge Coach\",\"description\":\"Transforming challenges into growth and success\",\"publisher\":{\"@id\":\"https:\\\/\\\/thechallengecoach.com\\\/#organization\"},\"potentialAction\":[{\"@type\":\"SearchAction\",\"target\":{\"@type\":\"EntryPoint\",\"urlTemplate\":\"https:\\\/\\\/thechallengecoach.com\\\/?s={search_term_string}\"},\"query-input\":{\"@type\":\"PropertyValueSpecification\",\"valueRequired\":true,\"valueName\":\"search_term_string\"}}],\"inLanguage\":\"fr-FR\"},{\"@type\":\"Organization\",\"@id\":\"https:\\\/\\\/thechallengecoach.com\\\/#organization\",\"name\":\"The Challenge Coach\",\"url\":\"https:\\\/\\\/thechallengecoach.com\\\/\",\"logo\":{\"@type\":\"ImageObject\",\"inLanguage\":\"fr-FR\",\"@id\":\"https:\\\/\\\/thechallengecoach.com\\\/#\\\/schema\\\/logo\\\/image\\\/\",\"url\":\"https:\\\/\\\/thechallengecoach.com\\\/wp-content\\\/uploads\\\/2023\\\/02\\\/The-Challenge-Coach-logo-RGB-small.jpg\",\"contentUrl\":\"https:\\\/\\\/thechallengecoach.com\\\/wp-content\\\/uploads\\\/2023\\\/02\\\/The-Challenge-Coach-logo-RGB-small.jpg\",\"width\":600,\"height\":179,\"caption\":\"The Challenge Coach\"},\"image\":{\"@id\":\"https:\\\/\\\/thechallengecoach.com\\\/#\\\/schema\\\/logo\\\/image\\\/\"},\"sameAs\":[\"https:\\\/\\\/www.facebook.com\\\/Pascale.Brady.TheChallengeCoach\",\"https:\\\/\\\/x.com\\\/pascalebrady\",\"https:\\\/\\\/instagram.com\\\/the_challenge_coach\",\"https:\\\/\\\/www.linkedin.com\\\/in\\\/TheChallengeCoach\",\"https:\\\/\\\/www.pinterest.com\\\/globallifecoach\"]}]}<\/script>\n<!-- \/ Yoast SEO plugin. -->","yoast_head_json":{"title":"PRIVACY POLICY &#8211; The Challenge Coach","robots":{"index":"index","follow":"follow","max-snippet":"max-snippet:-1","max-image-preview":"max-image-preview:large","max-video-preview":"max-video-preview:-1"},"canonical":"https:\/\/thechallengecoach.com\/fr\/privacy-policy\/","og_locale":"fr_FR","og_type":"article","og_title":"PRIVACY POLICY &#8211; The Challenge Coach","og_description":"This privacy policy has been compiled to better serve those who are concerned with how their 'Personally Identifiable Information' (PII) is being used online. PII, as described in US privacy [&hellip;]","og_url":"https:\/\/thechallengecoach.com\/fr\/privacy-policy\/","og_site_name":"The Challenge Coach","article_publisher":"https:\/\/www.facebook.com\/Pascale.Brady.TheChallengeCoach","article_modified_time":"2020-12-08T20:48:33+00:00","twitter_card":"summary_large_image","twitter_site":"@pascalebrady","twitter_misc":{"Dur\u00e9e de lecture estim\u00e9e":"7 minutes"},"schema":{"@context":"https:\/\/schema.org","@graph":[{"@type":"WebPage","@id":"https:\/\/thechallengecoach.com\/privacy-policy","url":"https:\/\/thechallengecoach.com\/privacy-policy","name":"PRIVACY POLICY &#8211; The Challenge Coach","isPartOf":{"@id":"https:\/\/thechallengecoach.com\/#website"},"datePublished":"2020-09-08T16:08:51+00:00","dateModified":"2020-12-08T20:48:33+00:00","breadcrumb":{"@id":"https:\/\/thechallengecoach.com\/privacy-policy#breadcrumb"},"inLanguage":"fr-FR","potentialAction":[{"@type":"ReadAction","target":["https:\/\/thechallengecoach.com\/privacy-policy"]}]},{"@type":"BreadcrumbList","@id":"https:\/\/thechallengecoach.com\/privacy-policy#breadcrumb","itemListElement":[{"@type":"ListItem","position":1,"name":"Home","item":"https:\/\/thechallengecoach.com\/"},{"@type":"ListItem","position":2,"name":"PRIVACY POLICY"}]},{"@type":"WebSite","@id":"https:\/\/thechallengecoach.com\/#website","url":"https:\/\/thechallengecoach.com\/","name":"La coach du d\u00e9fi","description":"Transformer les d\u00e9fis en croissance et succ\u00e8s","publisher":{"@id":"https:\/\/thechallengecoach.com\/#organization"},"potentialAction":[{"@type":"SearchAction","target":{"@type":"EntryPoint","urlTemplate":"https:\/\/thechallengecoach.com\/?s={search_term_string}"},"query-input":{"@type":"PropertyValueSpecification","valueRequired":true,"valueName":"search_term_string"}}],"inLanguage":"fr-FR"},{"@type":"Organization","@id":"https:\/\/thechallengecoach.com\/#organization","name":"La coach du d\u00e9fi","url":"https:\/\/thechallengecoach.com\/","logo":{"@type":"ImageObject","inLanguage":"fr-FR","@id":"https:\/\/thechallengecoach.com\/#\/schema\/logo\/image\/","url":"https:\/\/thechallengecoach.com\/wp-content\/uploads\/2023\/02\/The-Challenge-Coach-logo-RGB-small.jpg","contentUrl":"https:\/\/thechallengecoach.com\/wp-content\/uploads\/2023\/02\/The-Challenge-Coach-logo-RGB-small.jpg","width":600,"height":179,"caption":"The Challenge Coach"},"image":{"@id":"https:\/\/thechallengecoach.com\/#\/schema\/logo\/image\/"},"sameAs":["https:\/\/www.facebook.com\/Pascale.Brady.TheChallengeCoach","https:\/\/x.com\/pascalebrady","https:\/\/instagram.com\/the_challenge_coach","https:\/\/www.linkedin.com\/in\/TheChallengeCoach","https:\/\/www.pinterest.com\/globallifecoach"]}]}},"jetpack_sharing_enabled":true,"_links":{"self":[{"href":"https:\/\/thechallengecoach.com\/fr\/wp-json\/wp\/v2\/pages\/3","targetHints":{"allow":["GET"]}}],"collection":[{"href":"https:\/\/thechallengecoach.com\/fr\/wp-json\/wp\/v2\/pages"}],"about":[{"href":"https:\/\/thechallengecoach.com\/fr\/wp-json\/wp\/v2\/types\/page"}],"author":[{"embeddable":true,"href":"https:\/\/thechallengecoach.com\/fr\/wp-json\/wp\/v2\/users\/1"}],"replies":[{"embeddable":true,"href":"https:\/\/thechallengecoach.com\/fr\/wp-json\/wp\/v2\/comments?post=3"}],"version-history":[{"count":0,"href":"https:\/\/thechallengecoach.com\/fr\/wp-json\/wp\/v2\/pages\/3\/revisions"}],"wp:attachment":[{"href":"https:\/\/thechallengecoach.com\/fr\/wp-json\/wp\/v2\/media?parent=3"}],"curies":[{"name":"wp","href":"https:\/\/api.w.org\/{rel}","templated":true}]}}