{"id":28,"date":"2020-09-15T13:09:21","date_gmt":"2020-09-15T13:09:21","guid":{"rendered":"http:\/\/test06.connexusweb.com\/?page_id=28"},"modified":"2020-11-03T16:00:42","modified_gmt":"2020-11-03T16:00:42","slug":"get-in-touch","status":"publish","type":"page","link":"https:\/\/thechallengecoach.com\/fr\/get-in-touch","title":{"rendered":"NOUS CONTACTER"},"content":{"rendered":"<div class=\"wpforms-container wpforms-container-full wpforms-block\" id=\"wpforms-728\"><form id=\"wpforms-form-728\" class=\"wpforms-validate wpforms-form\" data-formid=\"728\" method=\"post\" enctype=\"multipart\/form-data\" action=\"\/fr\/wp-json\/wp\/v2\/pages\/28\" data-token=\"2980390a420ff72ddcb915163cfc93db\" data-token-time=\"1776964788\"><noscript class=\"wpforms-error-noscript\">Veuillez activer JavaScript dans votre navigateur pour remplir ce formulaire.<\/noscript><div class=\"wpforms-field-container\"><div id=\"wpforms-728-field_0-container\" class=\"wpforms-field wpforms-field-name\" data-field-id=\"0\"><label class=\"wpforms-field-label\">Name <span class=\"wpforms-required-label\">*<\/span><\/label><div class=\"wpforms-field-row wpforms-field-medium\"><div class=\"wpforms-field-row-block wpforms-first wpforms-one-half\"><input type=\"text\" id=\"wpforms-728-field_0\" class=\"wpforms-field-name-first wpforms-field-required\" name=\"wpforms[fields][0][first]\" required><label for=\"wpforms-728-field_0\" class=\"wpforms-field-sublabel after\">Pr\u00e9nom<\/label><\/div><div class=\"wpforms-field-row-block wpforms-one-half\"><input type=\"text\" id=\"wpforms-728-field_0-last\" class=\"wpforms-field-name-last wpforms-field-required\" name=\"wpforms[fields][0][last]\" required><label for=\"wpforms-728-field_0-last\" class=\"wpforms-field-sublabel after\">Nom<\/label><\/div><\/div><\/div><div id=\"wpforms-728-field_3-container\" class=\"wpforms-field wpforms-field-number\" data-field-id=\"3\"><label class=\"wpforms-field-label\" for=\"wpforms-728-field_3\">Phone Number <span class=\"wpforms-required-label\">*<\/span><\/label><input type=\"number\" id=\"wpforms-728-field_3\" class=\"wpforms-field-medium wpforms-field-required\" name=\"wpforms[fields][3]\" step=\"any\" required><\/div><div id=\"wpforms-728-field_1-container\" class=\"wpforms-field wpforms-field-email\" data-field-id=\"1\"><label class=\"wpforms-field-label\" for=\"wpforms-728-field_1\">Email <span class=\"wpforms-required-label\">*<\/span><\/label><input type=\"email\" id=\"wpforms-728-field_1\" class=\"wpforms-field-medium wpforms-field-required\" name=\"wpforms[fields][1]\" spellcheck=\"false\" required><\/div><div id=\"wpforms-728-field_4-container\" class=\"wpforms-field wpforms-field-mailchimp\" data-field-id=\"4\"><ul id=\"\" class=\"\"><li class=\"choice-0 depth-1\"><input type=\"checkbox\" id=\"wpforms-728-field_4_0\" name=\"wpforms[fields][4]\" value=\"1\"  ><label class=\"wpforms-field-label-inline\" for=\"wpforms-728-field_4_0\">Sign-up to receive news and freebees<\/label><\/li><\/ul><\/div><div id=\"wpforms-728-field_5-container\" class=\"wpforms-field wpforms-field-select wpforms-field-select-style-modern\" data-field-id=\"5\"><label class=\"wpforms-field-label\" for=\"wpforms-728-field_5\">Which individual coaching are you interested in?<\/label><select id=\"wpforms-728-field_5\" class=\"wpforms-field-medium choicesjs-select\" data-size-class=\"wpforms-field-row wpforms-field-medium\" data-search-enabled=\"\" name=\"wpforms[fields][5][]\" multiple=\"multiple\"><option value=\"\" class=\"placeholder\" disabled ><\/option><option value=\"Select\"  class=\"choice-6 depth-1\"  >Select<\/option><option value=\"Life Coaching\"  class=\"choice-1 depth-1\"  >Life Coaching<\/option><option value=\"Work &amp; Career Coaching\"  class=\"choice-2 depth-1\"  >Work &amp; Career Coaching<\/option><option value=\"Parent Coaching\"  class=\"choice-3 depth-1\"  >Parent Coaching<\/option><option value=\"Expat Coaching\"  class=\"choice-4 depth-1\"  >Expat Coaching<\/option><\/select><\/div><div id=\"wpforms-728-field_12-container\" class=\"wpforms-field wpforms-field-select wpforms-field-select-style-modern\" data-field-id=\"12\"><label class=\"wpforms-field-label\" for=\"wpforms-728-field_12\">Which group coaching are you interested in?<\/label><select id=\"wpforms-728-field_12\" class=\"wpforms-field-medium choicesjs-select\" data-size-class=\"wpforms-field-row wpforms-field-medium\" data-search-enabled=\"\" name=\"wpforms[fields][12][]\" multiple=\"multiple\"><option value=\"\" class=\"placeholder\" disabled ><\/option><option value=\"Select\"  class=\"choice-6 depth-1\"  >Select<\/option><option value=\"Upcoming Session\"  class=\"choice-1 depth-1\"  >Upcoming Session<\/option><option value=\"Create Your Own\"  class=\"choice-7 depth-1\"  >Create Your Own<\/option><\/select><\/div><div id=\"wpforms-728-field_8-container\" class=\"wpforms-field wpforms-field-select wpforms-field-select-style-modern\" data-field-id=\"8\"><label class=\"wpforms-field-label\" for=\"wpforms-728-field_8\">Which corporate coaching are you interested in?<\/label><select id=\"wpforms-728-field_8\" class=\"wpforms-field-medium choicesjs-select\" data-size-class=\"wpforms-field-row wpforms-field-medium\" data-search-enabled=\"\" name=\"wpforms[fields][8][]\" multiple=\"multiple\"><option value=\"\" class=\"placeholder\" disabled ><\/option><option value=\"Select\"  class=\"choice-4 depth-1\"  >Select<\/option><option value=\"Executive &amp; Leadership Coaching\"  class=\"choice-1 depth-1\"  >Executive &amp; Leadership Coaching<\/option><option value=\"Team &amp; Group Coaching\"  class=\"choice-2 depth-1\"  >Team &amp; Group Coaching<\/option><option value=\"Corporate Expat Coaching\"  class=\"choice-3 depth-1\"  >Corporate Expat Coaching<\/option><\/select><\/div><div id=\"wpforms-728-field_9-container\" class=\"wpforms-field wpforms-field-select wpforms-field-select-style-modern\" data-field-id=\"9\"><label class=\"wpforms-field-label\" for=\"wpforms-728-field_9\">Which speaking &amp; training service are you interested in?<\/label><select id=\"wpforms-728-field_9\" class=\"wpforms-field-medium choicesjs-select\" data-size-class=\"wpforms-field-row wpforms-field-medium\" data-search-enabled=\"\" name=\"wpforms[fields][9][]\" multiple=\"multiple\"><option value=\"\" class=\"placeholder\" disabled ><\/option><option value=\"Select\"  class=\"choice-4 depth-1\"  >Select<\/option><option value=\"Keynotes &amp; Talks\"  class=\"choice-1 depth-1\"  >Keynotes &amp; Talks<\/option><option value=\"Workshops &amp; Seminars\"  class=\"choice-2 depth-1\"  >Workshops &amp; Seminars<\/option><option value=\"Facilitation\"  class=\"choice-3 depth-1\"  >Facilitation<\/option><\/select><\/div><div id=\"wpforms-728-field_11-container\" class=\"wpforms-field wpforms-field-select wpforms-field-select-style-modern\" data-field-id=\"11\"><label class=\"wpforms-field-label\" for=\"wpforms-728-field_11\">Which specialty package are you interested in?<\/label><select id=\"wpforms-728-field_11\" class=\"wpforms-field-medium choicesjs-select\" data-size-class=\"wpforms-field-row wpforms-field-medium\" data-search-enabled=\"\" name=\"wpforms[fields][11][]\" multiple=\"multiple\"><option value=\"\" class=\"placeholder\" disabled ><\/option><option value=\"Select\"  class=\"choice-4 depth-1\"  >Select<\/option><option value=\"Positive Intelligence\"  class=\"choice-1 depth-1\"  >Positive Intelligence<\/option><option value=\"Joue Ta Vie\"  class=\"choice-2 depth-1\"  >Joue Ta Vie<\/option><option value=\"Joue Ta Vie IKIGAI\"  class=\"choice-3 depth-1\"  >Joue Ta Vie IKIGAI<\/option><\/select><\/div><div id=\"wpforms-728-field_2-container\" class=\"wpforms-field wpforms-field-textarea\" data-field-id=\"2\"><label class=\"wpforms-field-label\" for=\"wpforms-728-field_2\">Please say a little more about your situation (completely confidential of course) <span class=\"wpforms-required-label\">*<\/span><\/label><textarea id=\"wpforms-728-field_2\" class=\"wpforms-field-medium wpforms-field-required\" name=\"wpforms[fields][2]\" required><\/textarea><\/div><div id=\"wpforms-728-field_6-container\" class=\"wpforms-field wpforms-field-text\" data-field-id=\"6\"><label class=\"wpforms-field-label\" for=\"wpforms-728-field_6\">How did you hear about The Challenge Coach? <span class=\"wpforms-required-label\">*<\/span><\/label><input type=\"text\" id=\"wpforms-728-field_6\" class=\"wpforms-field-medium wpforms-field-required\" name=\"wpforms[fields][6]\" required><\/div><\/div><!-- .wpforms-field-container --><div class=\"wpforms-recaptcha-container wpforms-is-recaptcha wpforms-is-recaptcha-type-invisible\" ><div class=\"g-recaptcha\" data-sitekey=\"6LfwpjscAAAAAO4Pox7LzyaRyZ13RW27hvyWn2X4\" data-size=\"invisible\"><\/div><\/div><div class=\"wpforms-submit-container\" ><input type=\"hidden\" name=\"wpforms[id]\" value=\"728\"><input type=\"hidden\" name=\"page_title\" value=\"\"><input type=\"hidden\" name=\"page_url\" value=\"https:\/\/thechallengecoach.com\/fr\/wp-json\/wp\/v2\/pages\/28\"><input type=\"hidden\" name=\"url_referer\" value=\"\"><button type=\"submit\" name=\"wpforms[submit]\" id=\"wpforms-submit-728\" class=\"wpforms-submit\" data-alt-text=\"Sending...\" data-submit-text=\"Submit\" aria-live=\"assertive\" value=\"wpforms-submit\">Submit<\/button><\/div><input type=\"hidden\" id=\"ct_checkjs_wpforms_087408522c31eeb1f982bc0eaf81d35f\" name=\"ct_checkjs_wpforms\" value=\"0\" \/><script>setTimeout(function(){var ct_input_name = \"ct_checkjs_wpforms_087408522c31eeb1f982bc0eaf81d35f\";if (document.getElementById(ct_input_name) !== null) {var ct_input_value = document.getElementById(ct_input_name).value;document.getElementById(ct_input_name).value = document.getElementById(ct_input_name).value.replace(ct_input_value, 'cc70a53b1daf4d69c33e69e52296c30379aafe4bcfaaa989d9518f0ec424cf6b');}}, 1000);<\/script><input\n                    class=\"apbct_special_field apbct_email_id__wp_wpforms\"\n                    name=\"apbct__email_id__wp_wpforms\"\n                    aria-label=\"apbct__label_id__wp_wpforms\"\n                    type=\"text\" size=\"30\" maxlength=\"200\" autocomplete=\"off\"\n                    value=\"\"\n                \/><\/form><\/div>  <!-- .wpforms-container -->","protected":false},"excerpt":{"rendered":"","protected":false},"author":1,"featured_media":0,"parent":0,"menu_order":0,"comment_status":"closed","ping_status":"closed","template":"","meta":{"_monsterinsights_skip_tracking":false,"_monsterinsights_sitenote_active":false,"_monsterinsights_sitenote_note":"","_monsterinsights_sitenote_category":0,"footnotes":""},"class_list":["post-28","page","type-page","status-publish","czr-hentry"],"yoast_head":"<!-- This site is optimized with the Yoast SEO plugin v27.4 - https:\/\/yoast.com\/product\/yoast-seo-wordpress\/ -->\n<title>GET IN TOUCH &#8211; The Challenge Coach<\/title>\n<meta name=\"robots\" content=\"index, follow, max-snippet:-1, max-image-preview:large, max-video-preview:-1\" \/>\n<link rel=\"canonical\" href=\"https:\/\/thechallengecoach.com\/fr\/get-in-touch\/\" \/>\n<meta property=\"og:locale\" content=\"fr_FR\" \/>\n<meta property=\"og:type\" content=\"article\" \/>\n<meta property=\"og:title\" content=\"GET IN TOUCH &#8211; The Challenge Coach\" \/>\n<meta property=\"og:url\" content=\"https:\/\/thechallengecoach.com\/fr\/get-in-touch\/\" \/>\n<meta property=\"og:site_name\" content=\"The Challenge Coach\" \/>\n<meta property=\"article:publisher\" content=\"https:\/\/www.facebook.com\/Pascale.Brady.TheChallengeCoach\" \/>\n<meta property=\"article:modified_time\" content=\"2020-11-03T16:00:42+00:00\" \/>\n<meta name=\"twitter:card\" content=\"summary_large_image\" \/>\n<meta name=\"twitter:site\" content=\"@pascalebrady\" \/>\n<script type=\"application\/ld+json\" class=\"yoast-schema-graph\">{\"@context\":\"https:\\\/\\\/schema.org\",\"@graph\":[{\"@type\":\"WebPage\",\"@id\":\"https:\\\/\\\/thechallengecoach.com\\\/get-in-touch\",\"url\":\"https:\\\/\\\/thechallengecoach.com\\\/get-in-touch\",\"name\":\"GET IN TOUCH &#8211; The Challenge Coach\",\"isPartOf\":{\"@id\":\"https:\\\/\\\/thechallengecoach.com\\\/#website\"},\"datePublished\":\"2020-09-15T13:09:21+00:00\",\"dateModified\":\"2020-11-03T16:00:42+00:00\",\"breadcrumb\":{\"@id\":\"https:\\\/\\\/thechallengecoach.com\\\/get-in-touch#breadcrumb\"},\"inLanguage\":\"fr-FR\",\"potentialAction\":[{\"@type\":\"ReadAction\",\"target\":[\"https:\\\/\\\/thechallengecoach.com\\\/get-in-touch\"]}]},{\"@type\":\"BreadcrumbList\",\"@id\":\"https:\\\/\\\/thechallengecoach.com\\\/get-in-touch#breadcrumb\",\"itemListElement\":[{\"@type\":\"ListItem\",\"position\":1,\"name\":\"Home\",\"item\":\"https:\\\/\\\/thechallengecoach.com\\\/\"},{\"@type\":\"ListItem\",\"position\":2,\"name\":\"GET IN TOUCH\"}]},{\"@type\":\"WebSite\",\"@id\":\"https:\\\/\\\/thechallengecoach.com\\\/#website\",\"url\":\"https:\\\/\\\/thechallengecoach.com\\\/\",\"name\":\"The Challenge Coach\",\"description\":\"Transforming challenges into growth and success\",\"publisher\":{\"@id\":\"https:\\\/\\\/thechallengecoach.com\\\/#organization\"},\"potentialAction\":[{\"@type\":\"SearchAction\",\"target\":{\"@type\":\"EntryPoint\",\"urlTemplate\":\"https:\\\/\\\/thechallengecoach.com\\\/?s={search_term_string}\"},\"query-input\":{\"@type\":\"PropertyValueSpecification\",\"valueRequired\":true,\"valueName\":\"search_term_string\"}}],\"inLanguage\":\"fr-FR\"},{\"@type\":\"Organization\",\"@id\":\"https:\\\/\\\/thechallengecoach.com\\\/#organization\",\"name\":\"The Challenge Coach\",\"url\":\"https:\\\/\\\/thechallengecoach.com\\\/\",\"logo\":{\"@type\":\"ImageObject\",\"inLanguage\":\"fr-FR\",\"@id\":\"https:\\\/\\\/thechallengecoach.com\\\/#\\\/schema\\\/logo\\\/image\\\/\",\"url\":\"https:\\\/\\\/thechallengecoach.com\\\/wp-content\\\/uploads\\\/2023\\\/02\\\/The-Challenge-Coach-logo-RGB-small.jpg\",\"contentUrl\":\"https:\\\/\\\/thechallengecoach.com\\\/wp-content\\\/uploads\\\/2023\\\/02\\\/The-Challenge-Coach-logo-RGB-small.jpg\",\"width\":600,\"height\":179,\"caption\":\"The Challenge Coach\"},\"image\":{\"@id\":\"https:\\\/\\\/thechallengecoach.com\\\/#\\\/schema\\\/logo\\\/image\\\/\"},\"sameAs\":[\"https:\\\/\\\/www.facebook.com\\\/Pascale.Brady.TheChallengeCoach\",\"https:\\\/\\\/x.com\\\/pascalebrady\",\"https:\\\/\\\/instagram.com\\\/the_challenge_coach\",\"https:\\\/\\\/www.linkedin.com\\\/in\\\/TheChallengeCoach\",\"https:\\\/\\\/www.pinterest.com\\\/globallifecoach\"]}]}<\/script>\n<!-- \/ Yoast SEO plugin. -->","yoast_head_json":{"title":"ENTREZ EN CONTACT - The Challenge Coach","robots":{"index":"index","follow":"follow","max-snippet":"max-snippet:-1","max-image-preview":"max-image-preview:large","max-video-preview":"max-video-preview:-1"},"canonical":"https:\/\/thechallengecoach.com\/fr\/get-in-touch\/","og_locale":"fr_FR","og_type":"article","og_title":"GET IN TOUCH &#8211; The Challenge Coach","og_url":"https:\/\/thechallengecoach.com\/fr\/get-in-touch\/","og_site_name":"The Challenge Coach","article_publisher":"https:\/\/www.facebook.com\/Pascale.Brady.TheChallengeCoach","article_modified_time":"2020-11-03T16:00:42+00:00","twitter_card":"summary_large_image","twitter_site":"@pascalebrady","schema":{"@context":"https:\/\/schema.org","@graph":[{"@type":"WebPage","@id":"https:\/\/thechallengecoach.com\/get-in-touch","url":"https:\/\/thechallengecoach.com\/get-in-touch","name":"ENTREZ EN CONTACT - The Challenge Coach","isPartOf":{"@id":"https:\/\/thechallengecoach.com\/#website"},"datePublished":"2020-09-15T13:09:21+00:00","dateModified":"2020-11-03T16:00:42+00:00","breadcrumb":{"@id":"https:\/\/thechallengecoach.com\/get-in-touch#breadcrumb"},"inLanguage":"fr-FR","potentialAction":[{"@type":"ReadAction","target":["https:\/\/thechallengecoach.com\/get-in-touch"]}]},{"@type":"BreadcrumbList","@id":"https:\/\/thechallengecoach.com\/get-in-touch#breadcrumb","itemListElement":[{"@type":"ListItem","position":1,"name":"Home","item":"https:\/\/thechallengecoach.com\/"},{"@type":"ListItem","position":2,"name":"GET IN TOUCH"}]},{"@type":"WebSite","@id":"https:\/\/thechallengecoach.com\/#website","url":"https:\/\/thechallengecoach.com\/","name":"La coach du d\u00e9fi","description":"Transformer les d\u00e9fis en croissance et succ\u00e8s","publisher":{"@id":"https:\/\/thechallengecoach.com\/#organization"},"potentialAction":[{"@type":"SearchAction","target":{"@type":"EntryPoint","urlTemplate":"https:\/\/thechallengecoach.com\/?s={search_term_string}"},"query-input":{"@type":"PropertyValueSpecification","valueRequired":true,"valueName":"search_term_string"}}],"inLanguage":"fr-FR"},{"@type":"Organization","@id":"https:\/\/thechallengecoach.com\/#organization","name":"La coach du d\u00e9fi","url":"https:\/\/thechallengecoach.com\/","logo":{"@type":"ImageObject","inLanguage":"fr-FR","@id":"https:\/\/thechallengecoach.com\/#\/schema\/logo\/image\/","url":"https:\/\/thechallengecoach.com\/wp-content\/uploads\/2023\/02\/The-Challenge-Coach-logo-RGB-small.jpg","contentUrl":"https:\/\/thechallengecoach.com\/wp-content\/uploads\/2023\/02\/The-Challenge-Coach-logo-RGB-small.jpg","width":600,"height":179,"caption":"The Challenge Coach"},"image":{"@id":"https:\/\/thechallengecoach.com\/#\/schema\/logo\/image\/"},"sameAs":["https:\/\/www.facebook.com\/Pascale.Brady.TheChallengeCoach","https:\/\/x.com\/pascalebrady","https:\/\/instagram.com\/the_challenge_coach","https:\/\/www.linkedin.com\/in\/TheChallengeCoach","https:\/\/www.pinterest.com\/globallifecoach"]}]}},"jetpack_sharing_enabled":true,"_links":{"self":[{"href":"https:\/\/thechallengecoach.com\/fr\/wp-json\/wp\/v2\/pages\/28","targetHints":{"allow":["GET"]}}],"collection":[{"href":"https:\/\/thechallengecoach.com\/fr\/wp-json\/wp\/v2\/pages"}],"about":[{"href":"https:\/\/thechallengecoach.com\/fr\/wp-json\/wp\/v2\/types\/page"}],"author":[{"embeddable":true,"href":"https:\/\/thechallengecoach.com\/fr\/wp-json\/wp\/v2\/users\/1"}],"replies":[{"embeddable":true,"href":"https:\/\/thechallengecoach.com\/fr\/wp-json\/wp\/v2\/comments?post=28"}],"version-history":[{"count":0,"href":"https:\/\/thechallengecoach.com\/fr\/wp-json\/wp\/v2\/pages\/28\/revisions"}],"wp:attachment":[{"href":"https:\/\/thechallengecoach.com\/fr\/wp-json\/wp\/v2\/media?parent=28"}],"curies":[{"name":"wp","href":"https:\/\/api.w.org\/{rel}","templated":true}]}}