{"id":157,"date":"2020-09-15T15:43:08","date_gmt":"2020-09-15T15:43:08","guid":{"rendered":"http:\/\/test06.connexusweb.com\/?page_id=157"},"modified":"2021-02-10T03:01:16","modified_gmt":"2021-02-10T08:01:16","slug":"the-challenge-coach","status":"publish","type":"page","link":"https:\/\/thechallengecoach.com\/fr\/the-challenge-coach","title":{"rendered":"LE CHALLENGE COACH"},"content":{"rendered":"<h1 class=\"wp-block-heading\">Pascale Brady, The Challenge Coach<\/h1>\n\n\n\n<iframe loading=\"lazy\" width=\"560\" height=\"315\" src=\"https:\/\/www.youtube.com\/embed\/i6nax2A2mdw\" frameborder=\"0\" allow=\"accelerometer; autoplay; clipboard-write; encrypted-media; gyroscope; picture-in-picture\" allowfullscreen=\"\"><\/iframe>\n\n\n\n<p>Pascale Brady, fondatrice et pr\u00e9sidente de Global Life Coaching LLC, est <strong>Le Coach Challenge\u00a9.<\/strong><\/p>\n\n\n\n<p>Elle est une <strong>coach de vie et d'affaires, consultant, formateur et conf\u00e9rencier<\/strong>r avec 30 ans d'exp\u00e9rience professionnelle, tant dans le monde de l'entreprise qu'en tant qu'entrepreneur.<\/p>\n\n\n\n<h2 class=\"wp-block-heading\">Une coach d'affaires. Une coach de vie. Une coach mentor.<\/h2>\n\n\n\n<p>En tant que <strong>Coach d'affaires et consultant, <\/strong>Elle guide les cadres et les dirigeants, individuellement ou au sein de groupes ou d'\u00e9quipes, pour qu'ils rel\u00e8vent leurs d\u00e9fis et r\u00e9solvent efficacement leurs probl\u00e8mes en encourageant une croissance courageuse, une communication respectueuse et des conversations constructives. Avec une conscience aigu\u00eb des r\u00e9sultats de chaque client, Pascale s'appuie sur une vaste exp\u00e9rience en entreprise pour conduire de mani\u00e8re productive les cadres et les dirigeants \u00e0 r\u00e9aliser de meilleures performances.<\/p>\n\n\n\n<p>En tant que <strong>Coach de vie,<\/strong> Pascale aide les individus, les couples et les groupes \u00e0 surmonter les d\u00e9fis de la vie ou du travail, en se sp\u00e9cialisant dans les transitions et les relations. Elle guide \u00e9galement les expatri\u00e9s internationaux et leurs familles vers une int\u00e9gration r\u00e9ussie dans leur nouvelle culture et leur nouvel environnement, et accompagne les parents dans la construction et le renforcement de relations saines et harmonieuses entre adultes et enfants au sein du foyer.<\/p>\n\n\n\n<p>En tant que <strong>Mentor Coach, <\/strong>Pascale accompagne les coachs en formation vers l'obtention de leur (prochain) titre de coach, en les coachant et en leur donnant du feedback dans un processus collaboratif, appr\u00e9ciatif et dialogu\u00e9, bas\u00e9 sur l'observation de sessions de coaching en direct ou enregistr\u00e9es.<\/p>\n\n\n\n<p>Le style de coaching intr\u00e9pide, \u00e9nergique et enthousiaste de Pascale est envelopp\u00e9 d'une profonde compassion humaine, qui a aid\u00e9 ses clients \u00e0 franchir les obstacles pour atteindre une vie et un travail plus \u00e9panouis, plus \u00e9quilibr\u00e9s et donc plus heureux. Elle a contribu\u00e9 \u00e0 la fa\u00e7on dont le coaching permet aux individus, aux couples, aux groupes et aux \u00e9quipes de transformer les d\u00e9fis en opportunit\u00e9s de croissance courageuse \u00e0 la maison et sur le lieu de travail, et en a \u00e9t\u00e9 le t\u00e9moin direct.<\/p>\n\n\n\n<h2 class=\"wp-block-heading\">\u00c9ducation, formation et certifications<\/h2>\n\n\n\n<p>Dans son travail, elle s'appuie sur le mod\u00e8le de coaching Co-Actif du Coaches Training Institute (CTI), le Relationship Systems Coaching (ORSC), la psychologie adl\u00e9rienne, le bonheur authentique, la psychologie positive, l'Appreciative Inquiry, la th\u00e9orie du couple Imago, le psychodrame, l'apprentissage par l'action et les neurosciences, pour aider ses clients \u00e0 relever courageusement leurs plus grands d\u00e9fis.<\/p>\n\n\n\n<p>Apr\u00e8s 12 ans dans le monde de l'entreprise en tant que cadre commercial et marketing international, suite \u00e0 son DESCAF (MBA) d'Audencia Nantes Ecole de Management en France, Pascale a obtenu en 2005 la certification de Co-Active Certified Coach (CPCC) par CTI (the Coaches Training Institute), la plus grande \u00e9cole de coaching au monde, et en 2006 celle d'Accredited Certified Coach (ACC) aupr\u00e8s de l'ICF (International Coaching Federation).<\/p>\n\n\n\n<p>En 2011, Pascale est devenue Coach Professionnelle Certifi\u00e9e (PCC) avec ICF, et a coach\u00e9 pr\u00e8s de 300 clients priv\u00e9s ou professionnels. Elle se rapproche de la certification MCC avec pr\u00e8s de 2500 heures de coaching, et d\u00e9tient les certifications suivantes :<\/p>\n\n\n\n<ul class=\"wp-block-list\"><li>Coach certifi\u00e9e ExpAdviser avec Net Expat<\/li><li>Coach mentor ICF<\/li><li>Coach mentor de niveau PCC avec Reciprocoach<\/li><li>Certification DISC avec \u00e9valuations 24x7<\/li><li>CALC (Certified Action Learning Coach) avec WIAL (World Institute of Action Learning)<\/li><li>Certifi\u00e9e DLP \/ ELP 360 avec MHS<\/li><li>\u00c9ducatrice certifi\u00e9e en discipline positive<\/li><\/ul>\n\n\n\n<h2 class=\"wp-block-heading\">Profession et affiliations<\/h2>\n\n\n\n<p>Aujourd'hui, Pascale dirige son propre cabinet priv\u00e9 (Global Life Coaching, LLC), encadrant des individus, des couples et des parents. Elle encadre d'autres coachs et dirige des \u00e9quipes d'entreprise pour r\u00e9soudre des probl\u00e8mes urgents et importants gr\u00e2ce au mod\u00e8le d'apprentissage par l'action.<\/p>\n\n\n\n<p>Pascale travaille \u00e9galement depuis plus de 11 ans en tant que consultante coach pour NET EXPAT, un leader europ\u00e9en des services aux expatri\u00e9s, pour lequel elle accompagne les employ\u00e9s internationaux et leurs conjoints vers une int\u00e9gration r\u00e9ussie dans leur nouvelle culture et leur nouvel environnement, et dispense des formations interculturelles au sein de l'entreprise.<\/p>\n\n\n\n<p>En 2018, Pascale a rejoint <a href=\"https:\/\/sequenceservices.com\/\" target=\"_blank\" rel=\"noreferrer noopener\">Services de conseil et de consultation de Sequence<\/a> en tant que nouveau directeur adjoint des programmes d'entreprise, charg\u00e9 du d\u00e9veloppement des \u00e9quipes organisationnelles et du coaching des dirigeants et des cadres, afin d'organiser des ateliers et des s\u00e9minaires sur le leadership et le bien-\u00eatre en pleine conscience, et de mener des entretiens individuels de coaching des dirigeants et des cadres, en utilisant l'apprentissage par l'action pour le coaching d'\u00e9quipe et le travail bas\u00e9 sur la pleine conscience pour fonder les s\u00e9minaires sur le bien-\u00eatre.<\/p>\n\n\n\n<p>Pascale est \u00e9galement fi\u00e8re d'\u00eatre Coach Consultant Partenaire des entreprises fran\u00e7aises <a href=\"https:\/\/www.lejourporteconseil.com\/\" target=\"_blank\" rel=\"noreferrer noopener\">le jour porte conseil<\/a> (soci\u00e9t\u00e9 de conseil en gestion et en commerce de d\u00e9tail bas\u00e9e \u00e0 Paris), avec laquelle elle dirige des formations et des missions de conseil en gestion, et <a href=\"http:\/\/www.entuziasmo.eu\/\" target=\"_blank\" rel=\"noreferrer noopener\">Entuziasmo<\/a> (organisation de conseil en gestion de la cha\u00eene d'approvisionnement bas\u00e9e \u00e0 Paris) pour laquelle elle accompagne des dirigeants internationaux.<\/p>\n\n\n\n<p>En outre, Pascale est une \u00e9ducatrice parentale adl\u00e9rienne certifi\u00e9e et a enseign\u00e9 et d\u00e9velopp\u00e9 des centaines de classes et d'ateliers d'\u00e9ducation parentale adl\u00e9rienne aux familles de la r\u00e9gion de Washington depuis plus de 15 ans par le biais du Parent Encouragement Program (PEP), \u00e0 Kensington, dans le Massachusetts. Elle enseigne \u00e9galement certaines des classes en ligne du PEP.<\/p>\n\n\n\n<h2 class=\"wp-block-heading\">Une vie d&#039;exp\u00e9rience<\/h2>\n\n\n\n<p>Enfin, Pascale apporte son exp\u00e9rience de vie personnelle en tant que citoyenne du monde et responsable des ventes et du marketing international dans les industries de la haute technologie et de la communication de donn\u00e9es : n\u00e9e \u00e0 Paris, France dans un couple franco-allemand, elle a \u00e9t\u00e9 \u00e9lev\u00e9e bilingue et a commenc\u00e9 \u00e0 voyager seule d\u00e8s son plus jeune \u00e2ge.<\/p>\n\n\n\n<p>Elle a \u00e9tudi\u00e9 en France et aux \u00c9tats-Unis, et a travaill\u00e9 dans la vente et le marketing international en France, en Allemagne et aux \u00c9tats-Unis. Son travail l'a emmen\u00e9e dans des dizaines de pays d'Am\u00e9rique, d'Europe et d'Asie.<\/p>\n\n\n\n<p>Aujourd&#039;hui, Pascale parle couramment trois langues et ses exp\u00e9riences lui ont permis d&#039;acqu\u00e9rir une compr\u00e9hension culturelle approfondie de la plupart des cultures europ\u00e9ennes et de plusieurs cultures asiatiques et sud-am\u00e9ricaines.<\/p>\n\n\n\n<h2 class=\"wp-block-heading\">\u00c9coles, dipl\u00f4mes et certifications<\/h2>\n\n\n\n<p>AJOUTEZ DU CONTENU ICI !<\/p>\n\n\n\n<h2 class=\"wp-block-heading\">Affiliations professionnelles<\/h2>\n\n\n\n<p>AJOUTEZ DU CONTENU ICI !<\/p>","protected":false},"excerpt":{"rendered":"<p>Pascale Brady, The Challenge Coach Pascale Brady, founder and President of Global Life Coaching LLC, is The Challenge Coach\u00a9. She is a life and business coach, consultant, trainer and speaker [&hellip;]<\/p>\n","protected":false},"author":1,"featured_media":0,"parent":0,"menu_order":0,"comment_status":"closed","ping_status":"closed","template":"","meta":{"_monsterinsights_skip_tracking":false,"_monsterinsights_sitenote_active":false,"_monsterinsights_sitenote_note":"","_monsterinsights_sitenote_category":0,"footnotes":""},"class_list":["post-157","page","type-page","status-publish","czr-hentry"],"yoast_head":"<!-- This site is optimized with the Yoast SEO plugin v27.4 - https:\/\/yoast.com\/product\/yoast-seo-wordpress\/ -->\n<title>THE CHALLENGE COACH &#8211; The Challenge Coach<\/title>\n<meta name=\"robots\" content=\"index, follow, max-snippet:-1, max-image-preview:large, max-video-preview:-1\" \/>\n<link rel=\"canonical\" href=\"https:\/\/thechallengecoach.com\/fr\/the-challenge-coach\" \/>\n<meta property=\"og:locale\" content=\"fr_FR\" \/>\n<meta property=\"og:type\" content=\"article\" \/>\n<meta property=\"og:title\" content=\"THE CHALLENGE COACH &#8211; The Challenge Coach\" \/>\n<meta property=\"og:description\" content=\"Pascale Brady, The Challenge Coach Pascale Brady, founder and President of Global Life Coaching LLC, is The Challenge Coach\u00a9. She is a life and business coach, consultant, trainer and speaker [&hellip;]\" \/>\n<meta property=\"og:url\" content=\"https:\/\/thechallengecoach.com\/fr\/the-challenge-coach\" \/>\n<meta property=\"og:site_name\" content=\"The Challenge Coach\" \/>\n<meta property=\"article:publisher\" content=\"https:\/\/www.facebook.com\/Pascale.Brady.TheChallengeCoach\" \/>\n<meta property=\"article:modified_time\" content=\"2021-02-10T08:01:16+00:00\" \/>\n<meta name=\"twitter:card\" content=\"summary_large_image\" \/>\n<meta name=\"twitter:site\" content=\"@pascalebrady\" \/>\n<meta name=\"twitter:label1\" content=\"Dur\u00e9e de lecture estim\u00e9e\" \/>\n\t<meta name=\"twitter:data1\" content=\"4 minutes\" \/>\n<script type=\"application\/ld+json\" class=\"yoast-schema-graph\">{\"@context\":\"https:\\\/\\\/schema.org\",\"@graph\":[{\"@type\":\"WebPage\",\"@id\":\"https:\\\/\\\/thechallengecoach.com\\\/fr\\\/the-challenge-coach\",\"url\":\"https:\\\/\\\/thechallengecoach.com\\\/fr\\\/the-challenge-coach\",\"name\":\"THE CHALLENGE COACH &#8211; The Challenge Coach\",\"isPartOf\":{\"@id\":\"https:\\\/\\\/thechallengecoach.com\\\/#website\"},\"datePublished\":\"2020-09-15T15:43:08+00:00\",\"dateModified\":\"2021-02-10T08:01:16+00:00\",\"breadcrumb\":{\"@id\":\"https:\\\/\\\/thechallengecoach.com\\\/fr\\\/the-challenge-coach#breadcrumb\"},\"inLanguage\":\"fr-FR\",\"potentialAction\":[{\"@type\":\"ReadAction\",\"target\":[\"https:\\\/\\\/thechallengecoach.com\\\/fr\\\/the-challenge-coach\"]}]},{\"@type\":\"BreadcrumbList\",\"@id\":\"https:\\\/\\\/thechallengecoach.com\\\/fr\\\/the-challenge-coach#breadcrumb\",\"itemListElement\":[{\"@type\":\"ListItem\",\"position\":1,\"name\":\"Home\",\"item\":\"https:\\\/\\\/thechallengecoach.com\\\/\"},{\"@type\":\"ListItem\",\"position\":2,\"name\":\"THE CHALLENGE COACH\"}]},{\"@type\":\"WebSite\",\"@id\":\"https:\\\/\\\/thechallengecoach.com\\\/#website\",\"url\":\"https:\\\/\\\/thechallengecoach.com\\\/\",\"name\":\"The Challenge Coach\",\"description\":\"Transforming challenges into growth and success\",\"publisher\":{\"@id\":\"https:\\\/\\\/thechallengecoach.com\\\/#organization\"},\"potentialAction\":[{\"@type\":\"SearchAction\",\"target\":{\"@type\":\"EntryPoint\",\"urlTemplate\":\"https:\\\/\\\/thechallengecoach.com\\\/?s={search_term_string}\"},\"query-input\":{\"@type\":\"PropertyValueSpecification\",\"valueRequired\":true,\"valueName\":\"search_term_string\"}}],\"inLanguage\":\"fr-FR\"},{\"@type\":\"Organization\",\"@id\":\"https:\\\/\\\/thechallengecoach.com\\\/#organization\",\"name\":\"The Challenge Coach\",\"url\":\"https:\\\/\\\/thechallengecoach.com\\\/\",\"logo\":{\"@type\":\"ImageObject\",\"inLanguage\":\"fr-FR\",\"@id\":\"https:\\\/\\\/thechallengecoach.com\\\/#\\\/schema\\\/logo\\\/image\\\/\",\"url\":\"https:\\\/\\\/thechallengecoach.com\\\/wp-content\\\/uploads\\\/2023\\\/02\\\/The-Challenge-Coach-logo-RGB-small.jpg\",\"contentUrl\":\"https:\\\/\\\/thechallengecoach.com\\\/wp-content\\\/uploads\\\/2023\\\/02\\\/The-Challenge-Coach-logo-RGB-small.jpg\",\"width\":600,\"height\":179,\"caption\":\"The Challenge Coach\"},\"image\":{\"@id\":\"https:\\\/\\\/thechallengecoach.com\\\/#\\\/schema\\\/logo\\\/image\\\/\"},\"sameAs\":[\"https:\\\/\\\/www.facebook.com\\\/Pascale.Brady.TheChallengeCoach\",\"https:\\\/\\\/x.com\\\/pascalebrady\",\"https:\\\/\\\/instagram.com\\\/the_challenge_coach\",\"https:\\\/\\\/www.linkedin.com\\\/in\\\/TheChallengeCoach\",\"https:\\\/\\\/www.pinterest.com\\\/globallifecoach\"]}]}<\/script>\n<!-- \/ Yoast SEO plugin. -->","yoast_head_json":{"title":"THE CHALLENGE COACH &#8211; The Challenge Coach","robots":{"index":"index","follow":"follow","max-snippet":"max-snippet:-1","max-image-preview":"max-image-preview:large","max-video-preview":"max-video-preview:-1"},"canonical":"https:\/\/thechallengecoach.com\/fr\/the-challenge-coach","og_locale":"fr_FR","og_type":"article","og_title":"THE CHALLENGE COACH &#8211; The Challenge Coach","og_description":"Pascale Brady, The Challenge Coach Pascale Brady, founder and President of Global Life Coaching LLC, is The Challenge Coach\u00a9. She is a life and business coach, consultant, trainer and speaker [&hellip;]","og_url":"https:\/\/thechallengecoach.com\/fr\/the-challenge-coach","og_site_name":"The Challenge Coach","article_publisher":"https:\/\/www.facebook.com\/Pascale.Brady.TheChallengeCoach","article_modified_time":"2021-02-10T08:01:16+00:00","twitter_card":"summary_large_image","twitter_site":"@pascalebrady","twitter_misc":{"Dur\u00e9e de lecture estim\u00e9e":"4 minutes"},"schema":{"@context":"https:\/\/schema.org","@graph":[{"@type":"WebPage","@id":"https:\/\/thechallengecoach.com\/fr\/the-challenge-coach","url":"https:\/\/thechallengecoach.com\/fr\/the-challenge-coach","name":"THE CHALLENGE COACH &#8211; The Challenge Coach","isPartOf":{"@id":"https:\/\/thechallengecoach.com\/#website"},"datePublished":"2020-09-15T15:43:08+00:00","dateModified":"2021-02-10T08:01:16+00:00","breadcrumb":{"@id":"https:\/\/thechallengecoach.com\/fr\/the-challenge-coach#breadcrumb"},"inLanguage":"fr-FR","potentialAction":[{"@type":"ReadAction","target":["https:\/\/thechallengecoach.com\/fr\/the-challenge-coach"]}]},{"@type":"BreadcrumbList","@id":"https:\/\/thechallengecoach.com\/fr\/the-challenge-coach#breadcrumb","itemListElement":[{"@type":"ListItem","position":1,"name":"Home","item":"https:\/\/thechallengecoach.com\/"},{"@type":"ListItem","position":2,"name":"THE CHALLENGE COACH"}]},{"@type":"WebSite","@id":"https:\/\/thechallengecoach.com\/#website","url":"https:\/\/thechallengecoach.com\/","name":"La coach du d\u00e9fi","description":"Transformer les d\u00e9fis en croissance et succ\u00e8s","publisher":{"@id":"https:\/\/thechallengecoach.com\/#organization"},"potentialAction":[{"@type":"SearchAction","target":{"@type":"EntryPoint","urlTemplate":"https:\/\/thechallengecoach.com\/?s={search_term_string}"},"query-input":{"@type":"PropertyValueSpecification","valueRequired":true,"valueName":"search_term_string"}}],"inLanguage":"fr-FR"},{"@type":"Organization","@id":"https:\/\/thechallengecoach.com\/#organization","name":"La coach du d\u00e9fi","url":"https:\/\/thechallengecoach.com\/","logo":{"@type":"ImageObject","inLanguage":"fr-FR","@id":"https:\/\/thechallengecoach.com\/#\/schema\/logo\/image\/","url":"https:\/\/thechallengecoach.com\/wp-content\/uploads\/2023\/02\/The-Challenge-Coach-logo-RGB-small.jpg","contentUrl":"https:\/\/thechallengecoach.com\/wp-content\/uploads\/2023\/02\/The-Challenge-Coach-logo-RGB-small.jpg","width":600,"height":179,"caption":"The Challenge Coach"},"image":{"@id":"https:\/\/thechallengecoach.com\/#\/schema\/logo\/image\/"},"sameAs":["https:\/\/www.facebook.com\/Pascale.Brady.TheChallengeCoach","https:\/\/x.com\/pascalebrady","https:\/\/instagram.com\/the_challenge_coach","https:\/\/www.linkedin.com\/in\/TheChallengeCoach","https:\/\/www.pinterest.com\/globallifecoach"]}]}},"jetpack_sharing_enabled":true,"_links":{"self":[{"href":"https:\/\/thechallengecoach.com\/fr\/wp-json\/wp\/v2\/pages\/157","targetHints":{"allow":["GET"]}}],"collection":[{"href":"https:\/\/thechallengecoach.com\/fr\/wp-json\/wp\/v2\/pages"}],"about":[{"href":"https:\/\/thechallengecoach.com\/fr\/wp-json\/wp\/v2\/types\/page"}],"author":[{"embeddable":true,"href":"https:\/\/thechallengecoach.com\/fr\/wp-json\/wp\/v2\/users\/1"}],"replies":[{"embeddable":true,"href":"https:\/\/thechallengecoach.com\/fr\/wp-json\/wp\/v2\/comments?post=157"}],"version-history":[{"count":0,"href":"https:\/\/thechallengecoach.com\/fr\/wp-json\/wp\/v2\/pages\/157\/revisions"}],"wp:attachment":[{"href":"https:\/\/thechallengecoach.com\/fr\/wp-json\/wp\/v2\/media?parent=157"}],"curies":[{"name":"wp","href":"https:\/\/api.w.org\/{rel}","templated":true}]}}