{"id":3678,"date":"2022-05-25T13:22:29","date_gmt":"2022-05-25T18:22:29","guid":{"rendered":"https:\/\/thechallengecoach.com\/?post_type=product&#038;p=3678"},"modified":"2024-09-30T10:27:10","modified_gmt":"2024-09-30T15:27:10","slug":"book-bridging-two-worlds-coaching-and-psychodrama","status":"publish","type":"product","link":"https:\/\/thechallengecoach.com\/de\/produkt\/book-bridging-two-worlds-coaching-and-psychodrama","title":{"rendered":"Buch: Die Br\u00fccke zwischen zwei Welten: Coaching und Psychodrama"},"content":{"rendered":"<p>Ich freue mich, ank\u00fcndigen zu k\u00f6nnen, dass ich ein Buch mit folgenden Autoren geschrieben habe <strong>Cathy Nugent,<\/strong>\u00a0<em>Br\u00fcckenschlag zwischen zwei Welten: Coaching und Psychodrama - Ein Handbuch zur Integration psychodramatischer Handlungsmethoden im Coaching.<\/em><\/p>\n<p>Wir hoffen, mit diesem Buch eine Br\u00fccke zwischen Coaching und Psychodrama schlagen zu k\u00f6nnen, indem wir Coaches Zugang zu einigen Werkzeugen des Psychodramas verschaffen und das Verst\u00e4ndnis des Therapeuten f\u00fcr den Coachingberuf erweitern.<\/p>\n<p>Das Integrierte Coaching-Modell nutzt psychodramatische Handlungsmethoden, um die rein verbale Methode des Coachings zu erweitern und zu vertiefen. Dies wird durch Vignetten mit fiktiven Coaching-Klienten illustriert. Wir glauben fest daran, dass dieses Werk Neuland betreten wird.<\/p>\n<p>Das Buch wurde von einer Reihe prominenter Trainer und Psychodramatiker rezensiert, und wir sind von den ersten Empfehlungen begeistert:<\/p>\n<p>&nbsp;<\/p>\n<p><em>\u201cBrady und Nugent haben einen sehr n\u00fctzlichen und wirkungsvollen Leitfaden f\u00fcr Coaches geschaffen, um psychodramatische Techniken einzubinden.  Im heutigen Coaching geht es um K\u00f6rper, Gehirn und Sein, und dieses Handbuch zeigt Wege auf, wie man neue Methoden zur F\u00f6rderung von Ver\u00e4nderungen in der pers\u00f6nlichen Entwicklung sowohl bei Gruppen als auch bei Einzelpersonen einbeziehen kann.\u201d<\/em><\/p>\n<p>Dr. Patrick Williams, MCC, Autor von Becoming a Professional Life Coach und anderen B\u00fcchern f\u00fcr professionelle Coaches.<\/p>\n<p>&nbsp;<\/p>\n<p><em>\u201cDieses Handbuch, das man unbedingt gelesen haben muss, ist voll von Vignetten, Schritten, Werkzeugen und Modellen und zeigt Coaches ein angepasstes therapeutisches Modell, mit dem sie au\u00dfergew\u00f6hnliche Coaching-Ergebnisse erzielen k\u00f6nnen.\u201d<\/em><\/p>\n<p>Suzi Pomerantz, MT, MCC, CEO, Innovative Leadership International LLC und Bestsellerautorin.<\/p>\n<p>&nbsp;<\/p>\n<p><em>\u201cDieses Handbuch ist ein echter Beitrag zum Bereich des Psychodramas - es zeigt, dass Psychodrama nicht nur f\u00fcr die Psychotherapie geeignet ist, sondern auch wunderbar f\u00fcr Menschen funktioniert, die durch Coaching Ver\u00e4nderungen anstreben.\u201d<\/em><\/p>\n<p>Karen Carnabucci, LCSW, TEP, Gr\u00fcnderin der Lancaster School of Psychodrama and Experiential Psychotherapies<\/p>\n<p>&nbsp;<\/p>\n<p><em>\"'Bridging Two Worlds: Coaching and Psychodrama' ist ein sehr praktisches und n\u00fctzliches Handbuch f\u00fcr Coaches, die ihre Praxis mit neuen und belebenden Techniken erweitern wollen, sowie ein Lehrmittel f\u00fcr Psychodramatiker. Ich empfehle dieses Handbuch Coaches und Psychodramatikern gleicherma\u00dfen!\"<\/em><\/p>\n<p>Sylvia Israel, LMFT, RDT\/BCT, TEP, Direktorin des Bay Area Moreno Institute, Fakult\u00e4t am California Institute of Integral Studies und Fakult\u00e4t an der Kansas State University<\/p>\n<p>&nbsp;<\/p>\n<p><em>\u201cIn diesem Buch liefern Brady und Nugent wunderbare Beispiele und eine ausgezeichnete Zusammenfassung der Ma\u00dfnahmen, die f\u00fcr die erfolgreiche Umsetzung jeder Technik erforderlich sind. Ich habe keinen Zweifel daran, dass ihre Arbeit Ihnen helfen wird, noch effektiver mit Ihren Kunden zu arbeiten.\u201d<\/em><\/p>\n<p>Dr. Jay Colker, Gr\u00fcnder, Crowdsourced Coaching LLC und Senior Adjunct Faculty, Adler University<\/p>\n<p>&nbsp;<\/p>\n<p><em>\u201cIch empfehle von ganzem Herzen, dass sowohl Coaches als auch Psychodrama-Praktiker das hier vermittelte Fachwissen nutzen.  Die Methoden sind gut beschrieben, die Vignetten sind nachvollziehbar und der allgemeine Ton ist leicht zu verstehen. Was f\u00fcr ein Geschenk f\u00fcr den Bereich des Erfahrungslernens!\u201d<\/em><\/p>\n<p>Kimberly Dailey, MSW, CP, OD, Mitgesch\u00e4ftsf\u00fchrerin, Dailey Innovations<\/p>","protected":false},"excerpt":{"rendered":"<p>Die Br\u00fccke zwischen zwei Welten: Coaching und Psychodrama. Neues Handbuch mit dem bahnbrechenden\u00a0<strong><em>Integriertes Coaching-Modell,<\/em><\/strong>\u00a0und illustriert mit Vignetten mit fiktiven Coaching-Kunden.<\/p>\n<p>(*) Versand nicht inbegriffen. <a href=\"https:\/\/thechallengecoach.com\/wp-content\/uploads\/2022\/05\/Booking-shipping.jpg\">Mehr erfahren<\/a><\/p>","protected":false},"featured_media":3629,"comment_status":"open","ping_status":"closed","template":"","meta":{"_monsterinsights_skip_tracking":false,"_monsterinsights_sitenote_active":false,"_monsterinsights_sitenote_note":"","_monsterinsights_sitenote_category":0},"product_brand":[],"product_cat":[27],"product_tag":[],"class_list":{"0":"post-3678","1":"product","2":"type-product","3":"status-publish","4":"has-post-thumbnail","6":"product_cat-books","8":"first","9":"instock","10":"taxable","11":"shipping-taxable","12":"purchasable","13":"product-type-simple","14":"czr-hentry"},"yoast_head":"<!-- This site is optimized with the Yoast SEO plugin v27.4 - https:\/\/yoast.com\/product\/yoast-seo-wordpress\/ -->\n<title>Book: Bridging Two Worlds: Coaching and Psychodrama &#8211; The Challenge Coach<\/title>\n<meta name=\"robots\" content=\"index, follow, max-snippet:-1, max-image-preview:large, max-video-preview:-1\" \/>\n<link rel=\"canonical\" href=\"https:\/\/thechallengecoach.com\/de\/produkt\/book-bridging-two-worlds-coaching-and-psychodrama\/\" \/>\n<meta property=\"og:locale\" content=\"de_DE\" \/>\n<meta property=\"og:type\" content=\"article\" \/>\n<meta property=\"og:title\" content=\"Book: Bridging Two Worlds: Coaching and Psychodrama &#8211; The Challenge Coach\" \/>\n<meta property=\"og:description\" content=\"Bridging Two Worlds: Coaching and Psychodrama. New manual including the groundbreaking\u00a0Integrated Coaching Model,\u00a0and illustrated with vignettes featuring a cast of fictional coaching clients.  (*) Shipping not included. Learn more\" \/>\n<meta property=\"og:url\" content=\"https:\/\/thechallengecoach.com\/de\/produkt\/book-bridging-two-worlds-coaching-and-psychodrama\/\" \/>\n<meta property=\"og:site_name\" content=\"The Challenge Coach\" \/>\n<meta property=\"article:publisher\" content=\"https:\/\/www.facebook.com\/Pascale.Brady.TheChallengeCoach\" \/>\n<meta property=\"article:modified_time\" content=\"2024-09-30T15:27:10+00:00\" \/>\n<meta property=\"og:image\" content=\"https:\/\/thechallengecoach.com\/wp-content\/uploads\/2022\/04\/3D-book-square.png\" \/>\n\t<meta property=\"og:image:width\" content=\"671\" \/>\n\t<meta property=\"og:image:height\" content=\"671\" \/>\n\t<meta property=\"og:image:type\" content=\"image\/png\" \/>\n<meta name=\"twitter:card\" content=\"summary_large_image\" \/>\n<meta name=\"twitter:site\" content=\"@pascalebrady\" \/>\n<meta name=\"twitter:label1\" content=\"Gesch\u00e4tzte Lesezeit\" \/>\n\t<meta name=\"twitter:data1\" content=\"3\u00a0Minuten\" \/>\n<script type=\"application\/ld+json\" class=\"yoast-schema-graph\">{\"@context\":\"https:\\\/\\\/schema.org\",\"@graph\":[{\"@type\":\"WebPage\",\"@id\":\"https:\\\/\\\/thechallengecoach.com\\\/product\\\/book-bridging-two-worlds-coaching-and-psychodrama\",\"url\":\"https:\\\/\\\/thechallengecoach.com\\\/product\\\/book-bridging-two-worlds-coaching-and-psychodrama\",\"name\":\"Book: Bridging Two Worlds: Coaching and Psychodrama &#8211; The Challenge Coach\",\"isPartOf\":{\"@id\":\"https:\\\/\\\/thechallengecoach.com\\\/#website\"},\"primaryImageOfPage\":{\"@id\":\"https:\\\/\\\/thechallengecoach.com\\\/product\\\/book-bridging-two-worlds-coaching-and-psychodrama#primaryimage\"},\"image\":{\"@id\":\"https:\\\/\\\/thechallengecoach.com\\\/product\\\/book-bridging-two-worlds-coaching-and-psychodrama#primaryimage\"},\"thumbnailUrl\":\"https:\\\/\\\/thechallengecoach.com\\\/wp-content\\\/uploads\\\/2022\\\/04\\\/3D-book-square.png\",\"datePublished\":\"2022-05-25T18:22:29+00:00\",\"dateModified\":\"2024-09-30T15:27:10+00:00\",\"breadcrumb\":{\"@id\":\"https:\\\/\\\/thechallengecoach.com\\\/product\\\/book-bridging-two-worlds-coaching-and-psychodrama#breadcrumb\"},\"inLanguage\":\"de\",\"potentialAction\":[{\"@type\":\"ReadAction\",\"target\":[\"https:\\\/\\\/thechallengecoach.com\\\/product\\\/book-bridging-two-worlds-coaching-and-psychodrama\"]}]},{\"@type\":\"ImageObject\",\"inLanguage\":\"de\",\"@id\":\"https:\\\/\\\/thechallengecoach.com\\\/product\\\/book-bridging-two-worlds-coaching-and-psychodrama#primaryimage\",\"url\":\"https:\\\/\\\/thechallengecoach.com\\\/wp-content\\\/uploads\\\/2022\\\/04\\\/3D-book-square.png\",\"contentUrl\":\"https:\\\/\\\/thechallengecoach.com\\\/wp-content\\\/uploads\\\/2022\\\/04\\\/3D-book-square.png\",\"width\":671,\"height\":671,\"caption\":\"Bridging Two Worlds: Coaching and Psychodrama\"},{\"@type\":\"BreadcrumbList\",\"@id\":\"https:\\\/\\\/thechallengecoach.com\\\/product\\\/book-bridging-two-worlds-coaching-and-psychodrama#breadcrumb\",\"itemListElement\":[{\"@type\":\"ListItem\",\"position\":1,\"name\":\"Home\",\"item\":\"https:\\\/\\\/thechallengecoach.com\\\/\"},{\"@type\":\"ListItem\",\"position\":2,\"name\":\"Shop\",\"item\":\"https:\\\/\\\/thechallengecoach.com\\\/shop\"},{\"@type\":\"ListItem\",\"position\":3,\"name\":\"Book: Bridging Two Worlds: Coaching and Psychodrama\"}]},{\"@type\":\"WebSite\",\"@id\":\"https:\\\/\\\/thechallengecoach.com\\\/#website\",\"url\":\"https:\\\/\\\/thechallengecoach.com\\\/\",\"name\":\"The Challenge Coach\",\"description\":\"Transforming challenges into growth and success\",\"publisher\":{\"@id\":\"https:\\\/\\\/thechallengecoach.com\\\/#organization\"},\"potentialAction\":[{\"@type\":\"SearchAction\",\"target\":{\"@type\":\"EntryPoint\",\"urlTemplate\":\"https:\\\/\\\/thechallengecoach.com\\\/?s={search_term_string}\"},\"query-input\":{\"@type\":\"PropertyValueSpecification\",\"valueRequired\":true,\"valueName\":\"search_term_string\"}}],\"inLanguage\":\"de\"},{\"@type\":\"Organization\",\"@id\":\"https:\\\/\\\/thechallengecoach.com\\\/#organization\",\"name\":\"The Challenge Coach\",\"url\":\"https:\\\/\\\/thechallengecoach.com\\\/\",\"logo\":{\"@type\":\"ImageObject\",\"inLanguage\":\"de\",\"@id\":\"https:\\\/\\\/thechallengecoach.com\\\/#\\\/schema\\\/logo\\\/image\\\/\",\"url\":\"https:\\\/\\\/thechallengecoach.com\\\/wp-content\\\/uploads\\\/2023\\\/02\\\/The-Challenge-Coach-logo-RGB-small.jpg\",\"contentUrl\":\"https:\\\/\\\/thechallengecoach.com\\\/wp-content\\\/uploads\\\/2023\\\/02\\\/The-Challenge-Coach-logo-RGB-small.jpg\",\"width\":600,\"height\":179,\"caption\":\"The Challenge Coach\"},\"image\":{\"@id\":\"https:\\\/\\\/thechallengecoach.com\\\/#\\\/schema\\\/logo\\\/image\\\/\"},\"sameAs\":[\"https:\\\/\\\/www.facebook.com\\\/Pascale.Brady.TheChallengeCoach\",\"https:\\\/\\\/x.com\\\/pascalebrady\",\"https:\\\/\\\/instagram.com\\\/the_challenge_coach\",\"https:\\\/\\\/www.linkedin.com\\\/in\\\/TheChallengeCoach\",\"https:\\\/\\\/www.pinterest.com\\\/globallifecoach\"]}]}<\/script>\n<!-- \/ Yoast SEO plugin. -->","yoast_head_json":{"title":"Book: Bridging Two Worlds: Coaching and Psychodrama &#8211; The Challenge Coach","robots":{"index":"index","follow":"follow","max-snippet":"max-snippet:-1","max-image-preview":"max-image-preview:large","max-video-preview":"max-video-preview:-1"},"canonical":"https:\/\/thechallengecoach.com\/de\/produkt\/book-bridging-two-worlds-coaching-and-psychodrama\/","og_locale":"de_DE","og_type":"article","og_title":"Book: Bridging Two Worlds: Coaching and Psychodrama &#8211; The Challenge Coach","og_description":"Bridging Two Worlds: Coaching and Psychodrama. New manual including the groundbreaking\u00a0Integrated Coaching Model,\u00a0and illustrated with vignettes featuring a cast of fictional coaching clients.  (*) Shipping not included. Learn more","og_url":"https:\/\/thechallengecoach.com\/de\/produkt\/book-bridging-two-worlds-coaching-and-psychodrama\/","og_site_name":"The Challenge Coach","article_publisher":"https:\/\/www.facebook.com\/Pascale.Brady.TheChallengeCoach","article_modified_time":"2024-09-30T15:27:10+00:00","og_image":[{"width":671,"height":671,"url":"https:\/\/thechallengecoach.com\/wp-content\/uploads\/2022\/04\/3D-book-square.png","type":"image\/png"}],"twitter_card":"summary_large_image","twitter_site":"@pascalebrady","twitter_misc":{"Gesch\u00e4tzte Lesezeit":"3\u00a0Minuten"},"schema":{"@context":"https:\/\/schema.org","@graph":[{"@type":"WebPage","@id":"https:\/\/thechallengecoach.com\/product\/book-bridging-two-worlds-coaching-and-psychodrama","url":"https:\/\/thechallengecoach.com\/product\/book-bridging-two-worlds-coaching-and-psychodrama","name":"Book: Bridging Two Worlds: Coaching and Psychodrama &#8211; The Challenge Coach","isPartOf":{"@id":"https:\/\/thechallengecoach.com\/#website"},"primaryImageOfPage":{"@id":"https:\/\/thechallengecoach.com\/product\/book-bridging-two-worlds-coaching-and-psychodrama#primaryimage"},"image":{"@id":"https:\/\/thechallengecoach.com\/product\/book-bridging-two-worlds-coaching-and-psychodrama#primaryimage"},"thumbnailUrl":"https:\/\/thechallengecoach.com\/wp-content\/uploads\/2022\/04\/3D-book-square.png","datePublished":"2022-05-25T18:22:29+00:00","dateModified":"2024-09-30T15:27:10+00:00","breadcrumb":{"@id":"https:\/\/thechallengecoach.com\/product\/book-bridging-two-worlds-coaching-and-psychodrama#breadcrumb"},"inLanguage":"de","potentialAction":[{"@type":"ReadAction","target":["https:\/\/thechallengecoach.com\/product\/book-bridging-two-worlds-coaching-and-psychodrama"]}]},{"@type":"ImageObject","inLanguage":"de","@id":"https:\/\/thechallengecoach.com\/product\/book-bridging-two-worlds-coaching-and-psychodrama#primaryimage","url":"https:\/\/thechallengecoach.com\/wp-content\/uploads\/2022\/04\/3D-book-square.png","contentUrl":"https:\/\/thechallengecoach.com\/wp-content\/uploads\/2022\/04\/3D-book-square.png","width":671,"height":671,"caption":"Bridging Two Worlds: Coaching and Psychodrama"},{"@type":"BreadcrumbList","@id":"https:\/\/thechallengecoach.com\/product\/book-bridging-two-worlds-coaching-and-psychodrama#breadcrumb","itemListElement":[{"@type":"ListItem","position":1,"name":"Home","item":"https:\/\/thechallengecoach.com\/"},{"@type":"ListItem","position":2,"name":"Shop","item":"https:\/\/thechallengecoach.com\/shop"},{"@type":"ListItem","position":3,"name":"Book: Bridging Two Worlds: Coaching and Psychodrama"}]},{"@type":"WebSite","@id":"https:\/\/thechallengecoach.com\/#website","url":"https:\/\/thechallengecoach.com\/","name":"Der Challenge Coach","description":"Herausforderungen in Wachstum und Erfolg verwandeln","publisher":{"@id":"https:\/\/thechallengecoach.com\/#organization"},"potentialAction":[{"@type":"SearchAction","target":{"@type":"EntryPoint","urlTemplate":"https:\/\/thechallengecoach.com\/?s={search_term_string}"},"query-input":{"@type":"PropertyValueSpecification","valueRequired":true,"valueName":"search_term_string"}}],"inLanguage":"de"},{"@type":"Organization","@id":"https:\/\/thechallengecoach.com\/#organization","name":"Der Challenge Coach","url":"https:\/\/thechallengecoach.com\/","logo":{"@type":"ImageObject","inLanguage":"de","@id":"https:\/\/thechallengecoach.com\/#\/schema\/logo\/image\/","url":"https:\/\/thechallengecoach.com\/wp-content\/uploads\/2023\/02\/The-Challenge-Coach-logo-RGB-small.jpg","contentUrl":"https:\/\/thechallengecoach.com\/wp-content\/uploads\/2023\/02\/The-Challenge-Coach-logo-RGB-small.jpg","width":600,"height":179,"caption":"The Challenge Coach"},"image":{"@id":"https:\/\/thechallengecoach.com\/#\/schema\/logo\/image\/"},"sameAs":["https:\/\/www.facebook.com\/Pascale.Brady.TheChallengeCoach","https:\/\/x.com\/pascalebrady","https:\/\/instagram.com\/the_challenge_coach","https:\/\/www.linkedin.com\/in\/TheChallengeCoach","https:\/\/www.pinterest.com\/globallifecoach"]}]}},"jetpack_sharing_enabled":true,"_links":{"self":[{"href":"https:\/\/thechallengecoach.com\/de\/wp-json\/wp\/v2\/product\/3678","targetHints":{"allow":["GET"]}}],"collection":[{"href":"https:\/\/thechallengecoach.com\/de\/wp-json\/wp\/v2\/product"}],"about":[{"href":"https:\/\/thechallengecoach.com\/de\/wp-json\/wp\/v2\/types\/product"}],"replies":[{"embeddable":true,"href":"https:\/\/thechallengecoach.com\/de\/wp-json\/wp\/v2\/comments?post=3678"}],"wp:featuredmedia":[{"embeddable":true,"href":"https:\/\/thechallengecoach.com\/de\/wp-json\/wp\/v2\/media\/3629"}],"wp:attachment":[{"href":"https:\/\/thechallengecoach.com\/de\/wp-json\/wp\/v2\/media?parent=3678"}],"wp:term":[{"taxonomy":"product_brand","embeddable":true,"href":"https:\/\/thechallengecoach.com\/de\/wp-json\/wp\/v2\/product_brand?post=3678"},{"taxonomy":"product_cat","embeddable":true,"href":"https:\/\/thechallengecoach.com\/de\/wp-json\/wp\/v2\/product_cat?post=3678"},{"taxonomy":"product_tag","embeddable":true,"href":"https:\/\/thechallengecoach.com\/de\/wp-json\/wp\/v2\/product_tag?post=3678"}],"curies":[{"name":"wp","href":"https:\/\/api.w.org\/{rel}","templated":true}]}}