{"id":3,"date":"2020-09-08T16:08:51","date_gmt":"2020-09-08T16:08:51","guid":{"rendered":"http:\/\/test06.connexusweb.com\/?page_id=3"},"modified":"2020-12-08T20:48:33","modified_gmt":"2020-12-08T20:48:33","slug":"privacy-policy","status":"publish","type":"page","link":"https:\/\/thechallengecoach.com\/de\/privacy-policy","title":{"rendered":"DATENSCHUTZ-BESTIMMUNGEN"},"content":{"rendered":"<p>Diese Datenschutzrichtlinie wurde erstellt, um denjenigen einen besseren Service zu bieten, die sich mit der Online-Verwendung ihrer personenbezogenen Daten (PII) befassen. PII, wie im US-Datenschutzgesetz und in der Informationssicherheit beschrieben, sind Informationen, die allein oder zusammen mit anderen Informationen verwendet werden k\u00f6nnen, um eine einzelne Person zu identifizieren, zu kontaktieren oder zu lokalisieren oder um eine Person im Kontext zu identifizieren. Bitte lesen Sie unsere Datenschutzbestimmungen sorgf\u00e4ltig durch, um ein klares Verst\u00e4ndnis daf\u00fcr zu erhalten, wie wir Ihre personenbezogenen Daten gem\u00e4\u00df unserer Website sammeln, verwenden, sch\u00fctzen oder anderweitig behandeln.<\/p>\n\n\n\n<p><strong>Welche pers\u00f6nlichen Daten sammeln wir von den Personen, die unseren Blog, unsere Website oder unsere App besuchen?<\/strong><\/p>\n\n\n\n<p>Bei der Bestellung oder Registrierung auf unserer Website werden Sie m\u00f6glicherweise aufgefordert, Ihren Namen, Ihre E-Mail-Adresse oder andere Details einzugeben, um Ihre Erfahrungen zu verbessern.<\/p>\n\n\n\n<h2 class=\"wp-block-heading\">Wann sammeln wir Informationen?<\/h2>\n\n\n\n<p>Wir sammeln Informationen von Ihnen, wenn Sie einen Newsletter abonnieren oder Informationen auf unserer Website eingeben.<\/p>\n\n\n\n<h2 class=\"wp-block-heading\">Wie verwenden wir Ihre Daten?<\/h2>\n\n\n\n<p>Wir k\u00f6nnen die von Ihnen gesammelten Informationen verwenden, wenn Sie sich registrieren, einen Kauf t\u00e4tigen, sich f\u00fcr unseren Newsletter anmelden, auf eine Umfrage oder Marketingmitteilung antworten, auf der Website surfen oder bestimmte andere Website-Funktionen auf folgende Weise verwenden:<\/p>\n\n\n\n<ul class=\"wp-block-list\"><li>Um regelm\u00e4\u00dfige E-Mails bez\u00fcglich Ihrer Bestellung oder anderer Produkte und Dienstleistungen zu senden.<\/li><li>Um sie nach der Korrespondenz zu verfolgen (Live-Chat, E-Mail oder telefonische Anfragen)<\/li><\/ul>\n\n\n\n<h2 class=\"wp-block-heading\">Wie sch\u00fctzen wir Ihre Daten?<\/h2>\n\n\n\n<p>Wir verwenden kein Scannen von Sicherheitsl\u00fccken und \/ oder Scannen nach PCI-Standards.<\/p>\n\n\n\n<p>Wir stellen nur Artikel und Informationen zur Verf\u00fcgung. Wir fragen niemals nach Kreditkartennummern.<\/p>\n\n\n\n<p>Wir verwenden regul\u00e4res Malware-Scannen.<\/p>\n\n\n\n<p>Ihre pers\u00f6nlichen Daten befinden sich hinter gesicherten Netzwerken und sind nur f\u00fcr eine begrenzte Anzahl von Personen zug\u00e4nglich, die \u00fcber besondere Zugriffsrechte auf solche Systeme verf\u00fcgen und die Informationen vertraulich behandeln m\u00fcssen. Dar\u00fcber hinaus werden alle von Ihnen angegebenen vertraulichen Informationen \/ Kreditinformationen mithilfe der SSL-Technologie (Secure Socket Layer) verschl\u00fcsselt.<\/p>\n\n\n\n<p>Wir implementieren eine Vielzahl von Sicherheitsma\u00dfnahmen, wenn ein Benutzer seine Informationen eingibt, \u00fcbermittelt oder darauf zugreift, um die Sicherheit Ihrer pers\u00f6nlichen Daten zu gew\u00e4hrleisten.<\/p>\n\n\n\n<p>Alle Transaktionen werden \u00fcber einen Gateway-Anbieter verarbeitet und nicht auf unseren Servern gespeichert oder verarbeitet.<\/p>\n\n\n\n<h2 class=\"wp-block-heading\">Verwenden wir &quot;Cookies&quot;?<\/h2>\n\n\n\n<p>Ja. Cookies sind kleine Dateien, die eine Site oder ihr Dienstanbieter \u00fcber Ihren Webbrowser auf die Festplatte Ihres Computers \u00fcbertr\u00e4gt (sofern Sie dies zulassen), damit die Systeme der Site oder des Dienstanbieters Ihren Browser erkennen und bestimmte Informationen erfassen und speichern k\u00f6nnen. Zum Beispiel verwenden wir Cookies, um die Artikel in Ihrem Warenkorb zu speichern und zu verarbeiten. Sie werden auch verwendet, um uns zu helfen, Ihre Pr\u00e4ferenzen basierend auf fr\u00fcheren oder aktuellen Site-Aktivit\u00e4ten zu verstehen, sodass wir Ihnen verbesserte Services anbieten k\u00f6nnen. Wir verwenden Cookies auch, um aggregierte Daten \u00fcber den Website-Verkehr und die Website-Interaktion zusammenzustellen, damit wir in Zukunft bessere Website-Erfahrungen und -Tools anbieten k\u00f6nnen.<\/p>\n\n\n\n<h2 class=\"wp-block-heading\">Wir verwenden Cookies, um:<\/h2>\n\n\n\n<p>Sammeln Sie aggregierte Daten \u00fcber den Site-Verkehr und die Site-Interaktionen, um in Zukunft bessere Site-Erfahrungen und -Tools anzubieten. Wir k\u00f6nnen auch vertrauensw\u00fcrdige Dienste von Drittanbietern verwenden, die diese Informationen in unserem Namen verfolgen.<br>Sie k\u00f6nnen festlegen, dass Ihr Computer Sie jedes Mal warnt, wenn ein Cookie gesendet wird, oder Sie k\u00f6nnen alle Cookies deaktivieren. Sie tun dies \u00fcber Ihre Browsereinstellungen. Da jeder Browser etwas anders ist, lesen Sie im Hilfemen\u00fc Ihres Browsers nach, wie Sie Ihre Cookies richtig \u00e4ndern k\u00f6nnen.<\/p>\n\n\n\n<p>Wenn Sie Cookies deaktivieren, funktionieren einige der Funktionen, die Ihre Website effizienter machen, m\u00f6glicherweise nicht richtig.<\/p>\n\n\n\n<h2 class=\"wp-block-heading\">Offenlegung durch Dritte<\/h2>\n\n\n\n<p>Wir verkaufen, handeln oder \u00fcbertragen Ihre personenbezogenen Daten nicht an Dritte.<\/p>\n\n\n\n<h2 class=\"wp-block-heading\">Google<\/h2>\n\n\n\n<p>Die Werbeanforderungen von Google k\u00f6nnen durch die Werbeprinzipien von Google zusammengefasst werden. Sie wurden eingerichtet, um den Benutzern eine positive Erfahrung zu bieten. <a href=\"https:\/\/support.google.com\/adwordspolicy\/answer\/1316548?hl=en\">https:\/\/support.google.com\/adwordspolicy\/answer\/1316548?hl=en<\/a><\/p>\n\n\n\n<p>Wir haben Google AdSense auf unserer Website nicht aktiviert, k\u00f6nnen dies jedoch in Zukunft tun.<\/p>\n\n\n\n<h2 class=\"wp-block-heading\">California Online-Datenschutzgesetz<\/h2>\n\n\n\n<p>CalOPPA ist das erste staatliche Gesetz in der Nation, das kommerzielle Websites und Onlinedienste zur Ver\u00f6ffentlichung einer Datenschutzrichtlinie verpflichtet. Die Reichweite des Gesetzes erstreckt sich weit \u00fcber Kalifornien hinaus und verlangt von jeder Person oder Firma in den USA (und m\u00f6glicherweise weltweit), die Websites betreibt, auf denen personenbezogene Daten von kalifornischen Verbrauchern gesammelt werden, auf ihrer Website eine auff\u00e4llige Datenschutzrichtlinie zu ver\u00f6ffentlichen, in der genau die gesammelten und die gesammelten Informationen angegeben sind Einzelpersonen oder Unternehmen, mit denen es geteilt wird. - Weitere Informationen finden Sie unter: <a href=\"https:\/\/consumercal.org\/california-online-privacy-protection-act-caloppa\/#sthash.0FdRbT51.dpuf\">https:\/\/consumercal.org\/california-online-privacy-protection-act-caloppa\/#sthash.0FdRbT51.dpuf<\/a><\/p>\n\n\n\n<h2 class=\"wp-block-heading\">Laut CalOPPA stimmen wir Folgendes zu:<\/h2>\n\n\n\n<p>Benutzer k\u00f6nnen unsere Website anonym besuchen.<\/p>\n\n\n\n<p>Sobald diese Datenschutzrichtlinie erstellt wurde, f\u00fcgen wir auf unserer Homepage oder mindestens auf der ersten wichtigen Seite nach dem Aufrufen unserer Website einen Link dazu hinzu.<\/p>\n\n\n\n<p>Unser Link zu den Datenschutzbestimmungen enth\u00e4lt das Wort &quot;Datenschutz&quot; und ist auf der oben angegebenen Seite leicht zu finden.<br>Sie werden auf unserer Datenschutzrichtlinie \u00fcber \u00c4nderungen der Datenschutzrichtlinien informiert.<\/p>\n\n\n\n<p>Sie k\u00f6nnen Ihre pers\u00f6nlichen Daten \u00e4ndern, indem Sie uns eine E-Mail senden.<\/p>\n\n\n\n<h2 class=\"wp-block-heading\">Wie verfolgt unser Site-Handle keine Signale?<\/h2>\n\n\n\n<p>Wir ehren Do Not Track-Signale und Do Not Track, setzen Cookies oder verwenden Werbung, wenn ein DNT-Browsermechanismus (Do Not Track) vorhanden ist.<\/p>\n\n\n\n<p>Erm\u00f6glicht unsere Website die Verfolgung von Verhaltensweisen von Drittanbietern?<br>Es ist auch wichtig zu beachten, dass wir keine Verhaltensverfolgung durch Dritte zulassen<\/p>\n\n\n\n<h2 class=\"wp-block-heading\">COPPA (Children Online Privacy Protection Act)<\/h2>\n\n\n\n<p>Wenn es um die Erfassung personenbezogener Daten von Kindern unter 13 Jahren geht, gibt das Gesetz zum Schutz der Online-Privatsph\u00e4re von Kindern (COPPA) den Eltern die Kontrolle. Die Federal Trade Commission, die Verbraucherschutzbeh\u00f6rde der Vereinigten Staaten, setzt die COPPA-Regel durch, in der festgelegt ist, was Betreiber von Websites und Online-Diensten tun m\u00fcssen, um die Privatsph\u00e4re und Sicherheit von Kindern im Internet zu sch\u00fctzen.<\/p>\n\n\n\n<p>Wir vermarkten nicht speziell an Kinder unter 13 Jahren.<\/p>\n\n\n\n<h2 class=\"wp-block-heading\">Faire Informationspraktiken<\/h2>\n\n\n\n<p>Die Grunds\u00e4tze f\u00fcr faire Informationspraktiken bilden das R\u00fcckgrat des Datenschutzrechts in den USA, und die darin enthaltenen Konzepte haben eine wichtige Rolle bei der Entwicklung von Datenschutzgesetzen auf der ganzen Welt gespielt. Das Verst\u00e4ndnis der Grunds\u00e4tze der Fairen Informationspraxis und ihrer Umsetzung ist entscheidend, um die verschiedenen Datenschutzgesetze zum Schutz personenbezogener Daten einzuhalten.<\/p>\n\n\n\n<h2 class=\"wp-block-heading\">Um im Einklang mit fairen Informationspraktiken zu stehen, werden wir im Falle eines Datenversto\u00dfes die folgenden Ma\u00dfnahmen ergreifen:<\/h2>\n\n\n\n<p>Wir werden Sie innerhalb von 1 Werktag per E-Mail benachrichtigen.<\/p>\n\n\n\n<p>Wir stimmen auch dem Prinzip des individuellen Rechtsschutzes zu, wonach Einzelpersonen das Recht haben, rechtlich durchsetzbare Rechte gegen Datensammler und -verarbeiter zu verfolgen, die sich nicht an das Gesetz halten. Dieser Grundsatz erfordert nicht nur, dass Einzelpersonen durchsetzbare Rechte gegen\u00fcber Datennutzern haben, sondern auch, dass Einzelpersonen sich an Gerichte oder Regierungsbeh\u00f6rden wenden, um Verst\u00f6\u00dfe von Datenverarbeitern zu untersuchen und \/ oder strafrechtlich zu verfolgen.<\/p>\n\n\n\n<h2 class=\"wp-block-heading\">CAN SPAM Act<\/h2>\n\n\n\n<p>Das CAN-SPAM-Gesetz ist ein Gesetz, das die Regeln f\u00fcr kommerzielle E-Mails festlegt, Anforderungen f\u00fcr kommerzielle Nachrichten festlegt, Empf\u00e4ngern das Recht einr\u00e4umt, dass E-Mails nicht mehr an sie gesendet werden, und harte Strafen f\u00fcr Verst\u00f6\u00dfe festlegt.<\/p>\n\n\n\n<p><strong>Wir sammeln Ihre E-Mail-Adresse, um<\/strong> Informationen senden, auf Anfragen und \/ oder andere Anfragen oder Fragen antworten.<\/p>\n\n\n\n<h2 class=\"wp-block-heading\">Um mit CANSPAM in Einklang zu sein, stimmen wir Folgendes zu:<\/h2>\n\n\n\n<ul class=\"wp-block-list\"><li>Verwenden Sie keine falschen oder irref\u00fchrenden Betreffs oder E-Mail-Adressen.<\/li><li>Identifizieren Sie die Nachricht in angemessener Weise als Werbung.<\/li><li>Geben Sie die physische Adresse unseres Unternehmens oder unserer Zentrale an.<\/li><li>\u00dcberwachen Sie E-Mail-Marketing-Services von Drittanbietern auf Konformit\u00e4t, falls einer verwendet wird.<\/li><li>Anfragen zum Deaktivieren \/ Abbestellen schnell ber\u00fccksichtigen.<\/li><li>Erm\u00f6glichen Sie Benutzern das Abbestellen \u00fcber den Link am Ende jeder E-Mail.<\/li><\/ul>\n\n\n\n<p><strong>Wenn Sie sich jederzeit vom Erhalt zuk\u00fcnftiger E-Mails abmelden m\u00f6chten, k\u00f6nnen Sie uns eine E-Mail an info@TheChallengeCoach.com senden oder Sie k\u00f6nnen<\/strong> Befolgen Sie die Anweisungen am Ende jeder E-Mail und wir werden Sie umgehend entfernen <strong>ALLE<\/strong> Korrespondenz.<\/p>\n\n\n\n<h2 class=\"wp-block-heading\">Uns kontaktieren<\/h2>\n\n\n\n<p>Wenn Sie Fragen zu dieser Datenschutzrichtlinie haben, k\u00f6nnen Sie uns \u00fcber die folgenden Informationen kontaktieren.<\/p>\n\n\n\n<p><a href=\"https:\/\/thechallengecoach.com\/de\/\">https:\/\/www.thechallengecoach.com<\/a><br><a href=\"mailto:info@thechallengecoach.com\">info@thechallengecoach.com<\/a><br>240-801-5080<\/p>\n\n\n\n<p>Zuletzt bearbeitet am 03.03.2017<\/p>","protected":false},"excerpt":{"rendered":"<p>This privacy policy has been compiled to better serve those who are concerned with how their &#8216;Personally Identifiable Information&#8217; (PII) is being used online. PII, as described in US privacy [&hellip;]<\/p>\n","protected":false},"author":1,"featured_media":0,"parent":0,"menu_order":0,"comment_status":"closed","ping_status":"open","template":"","meta":{"_monsterinsights_skip_tracking":false,"_monsterinsights_sitenote_active":false,"_monsterinsights_sitenote_note":"","_monsterinsights_sitenote_category":0,"footnotes":""},"class_list":["post-3","page","type-page","status-publish","czr-hentry"],"yoast_head":"<!-- This site is optimized with the Yoast SEO plugin v27.4 - https:\/\/yoast.com\/product\/yoast-seo-wordpress\/ -->\n<title>PRIVACY POLICY &#8211; The Challenge Coach<\/title>\n<meta name=\"robots\" content=\"index, follow, max-snippet:-1, max-image-preview:large, max-video-preview:-1\" \/>\n<link rel=\"canonical\" href=\"https:\/\/thechallengecoach.com\/de\/privacy-policy\/\" \/>\n<meta property=\"og:locale\" content=\"de_DE\" \/>\n<meta property=\"og:type\" content=\"article\" \/>\n<meta property=\"og:title\" content=\"PRIVACY POLICY &#8211; The Challenge Coach\" \/>\n<meta property=\"og:description\" content=\"This privacy policy has been compiled to better serve those who are concerned with how their &#039;Personally Identifiable Information&#039; (PII) is being used online. PII, as described in US privacy [&hellip;]\" \/>\n<meta property=\"og:url\" content=\"https:\/\/thechallengecoach.com\/de\/privacy-policy\/\" \/>\n<meta property=\"og:site_name\" content=\"The Challenge Coach\" \/>\n<meta property=\"article:publisher\" content=\"https:\/\/www.facebook.com\/Pascale.Brady.TheChallengeCoach\" \/>\n<meta property=\"article:modified_time\" content=\"2020-12-08T20:48:33+00:00\" \/>\n<meta name=\"twitter:card\" content=\"summary_large_image\" \/>\n<meta name=\"twitter:site\" content=\"@pascalebrady\" \/>\n<meta name=\"twitter:label1\" content=\"Gesch\u00e4tzte Lesezeit\" \/>\n\t<meta name=\"twitter:data1\" content=\"7\u00a0Minuten\" \/>\n<script type=\"application\/ld+json\" class=\"yoast-schema-graph\">{\"@context\":\"https:\\\/\\\/schema.org\",\"@graph\":[{\"@type\":\"WebPage\",\"@id\":\"https:\\\/\\\/thechallengecoach.com\\\/privacy-policy\",\"url\":\"https:\\\/\\\/thechallengecoach.com\\\/privacy-policy\",\"name\":\"PRIVACY POLICY &#8211; The Challenge Coach\",\"isPartOf\":{\"@id\":\"https:\\\/\\\/thechallengecoach.com\\\/#website\"},\"datePublished\":\"2020-09-08T16:08:51+00:00\",\"dateModified\":\"2020-12-08T20:48:33+00:00\",\"breadcrumb\":{\"@id\":\"https:\\\/\\\/thechallengecoach.com\\\/privacy-policy#breadcrumb\"},\"inLanguage\":\"de\",\"potentialAction\":[{\"@type\":\"ReadAction\",\"target\":[\"https:\\\/\\\/thechallengecoach.com\\\/privacy-policy\"]}]},{\"@type\":\"BreadcrumbList\",\"@id\":\"https:\\\/\\\/thechallengecoach.com\\\/privacy-policy#breadcrumb\",\"itemListElement\":[{\"@type\":\"ListItem\",\"position\":1,\"name\":\"Home\",\"item\":\"https:\\\/\\\/thechallengecoach.com\\\/\"},{\"@type\":\"ListItem\",\"position\":2,\"name\":\"PRIVACY POLICY\"}]},{\"@type\":\"WebSite\",\"@id\":\"https:\\\/\\\/thechallengecoach.com\\\/#website\",\"url\":\"https:\\\/\\\/thechallengecoach.com\\\/\",\"name\":\"The Challenge Coach\",\"description\":\"Transforming challenges into growth and success\",\"publisher\":{\"@id\":\"https:\\\/\\\/thechallengecoach.com\\\/#organization\"},\"potentialAction\":[{\"@type\":\"SearchAction\",\"target\":{\"@type\":\"EntryPoint\",\"urlTemplate\":\"https:\\\/\\\/thechallengecoach.com\\\/?s={search_term_string}\"},\"query-input\":{\"@type\":\"PropertyValueSpecification\",\"valueRequired\":true,\"valueName\":\"search_term_string\"}}],\"inLanguage\":\"de\"},{\"@type\":\"Organization\",\"@id\":\"https:\\\/\\\/thechallengecoach.com\\\/#organization\",\"name\":\"The Challenge Coach\",\"url\":\"https:\\\/\\\/thechallengecoach.com\\\/\",\"logo\":{\"@type\":\"ImageObject\",\"inLanguage\":\"de\",\"@id\":\"https:\\\/\\\/thechallengecoach.com\\\/#\\\/schema\\\/logo\\\/image\\\/\",\"url\":\"https:\\\/\\\/thechallengecoach.com\\\/wp-content\\\/uploads\\\/2023\\\/02\\\/The-Challenge-Coach-logo-RGB-small.jpg\",\"contentUrl\":\"https:\\\/\\\/thechallengecoach.com\\\/wp-content\\\/uploads\\\/2023\\\/02\\\/The-Challenge-Coach-logo-RGB-small.jpg\",\"width\":600,\"height\":179,\"caption\":\"The Challenge Coach\"},\"image\":{\"@id\":\"https:\\\/\\\/thechallengecoach.com\\\/#\\\/schema\\\/logo\\\/image\\\/\"},\"sameAs\":[\"https:\\\/\\\/www.facebook.com\\\/Pascale.Brady.TheChallengeCoach\",\"https:\\\/\\\/x.com\\\/pascalebrady\",\"https:\\\/\\\/instagram.com\\\/the_challenge_coach\",\"https:\\\/\\\/www.linkedin.com\\\/in\\\/TheChallengeCoach\",\"https:\\\/\\\/www.pinterest.com\\\/globallifecoach\"]}]}<\/script>\n<!-- \/ Yoast SEO plugin. -->","yoast_head_json":{"title":"PRIVACY POLICY &#8211; The Challenge Coach","robots":{"index":"index","follow":"follow","max-snippet":"max-snippet:-1","max-image-preview":"max-image-preview:large","max-video-preview":"max-video-preview:-1"},"canonical":"https:\/\/thechallengecoach.com\/de\/privacy-policy\/","og_locale":"de_DE","og_type":"article","og_title":"PRIVACY POLICY &#8211; The Challenge Coach","og_description":"This privacy policy has been compiled to better serve those who are concerned with how their 'Personally Identifiable Information' (PII) is being used online. PII, as described in US privacy [&hellip;]","og_url":"https:\/\/thechallengecoach.com\/de\/privacy-policy\/","og_site_name":"The Challenge Coach","article_publisher":"https:\/\/www.facebook.com\/Pascale.Brady.TheChallengeCoach","article_modified_time":"2020-12-08T20:48:33+00:00","twitter_card":"summary_large_image","twitter_site":"@pascalebrady","twitter_misc":{"Gesch\u00e4tzte Lesezeit":"7\u00a0Minuten"},"schema":{"@context":"https:\/\/schema.org","@graph":[{"@type":"WebPage","@id":"https:\/\/thechallengecoach.com\/privacy-policy","url":"https:\/\/thechallengecoach.com\/privacy-policy","name":"PRIVACY POLICY &#8211; The Challenge Coach","isPartOf":{"@id":"https:\/\/thechallengecoach.com\/#website"},"datePublished":"2020-09-08T16:08:51+00:00","dateModified":"2020-12-08T20:48:33+00:00","breadcrumb":{"@id":"https:\/\/thechallengecoach.com\/privacy-policy#breadcrumb"},"inLanguage":"de","potentialAction":[{"@type":"ReadAction","target":["https:\/\/thechallengecoach.com\/privacy-policy"]}]},{"@type":"BreadcrumbList","@id":"https:\/\/thechallengecoach.com\/privacy-policy#breadcrumb","itemListElement":[{"@type":"ListItem","position":1,"name":"Home","item":"https:\/\/thechallengecoach.com\/"},{"@type":"ListItem","position":2,"name":"PRIVACY POLICY"}]},{"@type":"WebSite","@id":"https:\/\/thechallengecoach.com\/#website","url":"https:\/\/thechallengecoach.com\/","name":"Der Challenge Coach","description":"Herausforderungen in Wachstum und Erfolg verwandeln","publisher":{"@id":"https:\/\/thechallengecoach.com\/#organization"},"potentialAction":[{"@type":"SearchAction","target":{"@type":"EntryPoint","urlTemplate":"https:\/\/thechallengecoach.com\/?s={search_term_string}"},"query-input":{"@type":"PropertyValueSpecification","valueRequired":true,"valueName":"search_term_string"}}],"inLanguage":"de"},{"@type":"Organization","@id":"https:\/\/thechallengecoach.com\/#organization","name":"Der Challenge Coach","url":"https:\/\/thechallengecoach.com\/","logo":{"@type":"ImageObject","inLanguage":"de","@id":"https:\/\/thechallengecoach.com\/#\/schema\/logo\/image\/","url":"https:\/\/thechallengecoach.com\/wp-content\/uploads\/2023\/02\/The-Challenge-Coach-logo-RGB-small.jpg","contentUrl":"https:\/\/thechallengecoach.com\/wp-content\/uploads\/2023\/02\/The-Challenge-Coach-logo-RGB-small.jpg","width":600,"height":179,"caption":"The Challenge Coach"},"image":{"@id":"https:\/\/thechallengecoach.com\/#\/schema\/logo\/image\/"},"sameAs":["https:\/\/www.facebook.com\/Pascale.Brady.TheChallengeCoach","https:\/\/x.com\/pascalebrady","https:\/\/instagram.com\/the_challenge_coach","https:\/\/www.linkedin.com\/in\/TheChallengeCoach","https:\/\/www.pinterest.com\/globallifecoach"]}]}},"jetpack_sharing_enabled":true,"_links":{"self":[{"href":"https:\/\/thechallengecoach.com\/de\/wp-json\/wp\/v2\/pages\/3","targetHints":{"allow":["GET"]}}],"collection":[{"href":"https:\/\/thechallengecoach.com\/de\/wp-json\/wp\/v2\/pages"}],"about":[{"href":"https:\/\/thechallengecoach.com\/de\/wp-json\/wp\/v2\/types\/page"}],"author":[{"embeddable":true,"href":"https:\/\/thechallengecoach.com\/de\/wp-json\/wp\/v2\/users\/1"}],"replies":[{"embeddable":true,"href":"https:\/\/thechallengecoach.com\/de\/wp-json\/wp\/v2\/comments?post=3"}],"version-history":[{"count":0,"href":"https:\/\/thechallengecoach.com\/de\/wp-json\/wp\/v2\/pages\/3\/revisions"}],"wp:attachment":[{"href":"https:\/\/thechallengecoach.com\/de\/wp-json\/wp\/v2\/media?parent=3"}],"curies":[{"name":"wp","href":"https:\/\/api.w.org\/{rel}","templated":true}]}}