{"id":157,"date":"2020-09-15T15:43:08","date_gmt":"2020-09-15T15:43:08","guid":{"rendered":"http:\/\/test06.connexusweb.com\/?page_id=157"},"modified":"2021-02-10T03:01:16","modified_gmt":"2021-02-10T08:01:16","slug":"the-challenge-coach","status":"publish","type":"page","link":"https:\/\/thechallengecoach.com\/de\/the-challenge-coach","title":{"rendered":"DER HERAUSFORDERUNGS-COACH"},"content":{"rendered":"<h1 class=\"wp-block-heading\">Pascale Brady, Der Challenge Coach<\/h1>\n\n\n\n<iframe loading=\"lazy\" width=\"560\" height=\"315\" src=\"https:\/\/www.youtube.com\/embed\/i6nax2A2mdw\" frameborder=\"0\" allow=\"accelerometer; autoplay; clipboard-write; encrypted-media; gyroscope; picture-in-picture\" allowfullscreen=\"\"><\/iframe>\n\n\n\n<p>Pascale Brady, Gr\u00fcnderin und Pr\u00e4sidentin von Global Life Coaching LLC, ist <strong>Der Challenge Coach\u00a9.<\/strong><\/p>\n\n\n\n<p>Sie ist eine <strong>Lebens- und Business-Coach, Berater, Trainer und Redner<\/strong>r mit 30 Jahren Berufserfahrung, sowohl in der Unternehmenswelt als auch als Unternehmer.<\/p>\n\n\n\n<h2 class=\"wp-block-heading\">Ein Business Coach. Eine Lebensberaterin. Ein Mentor Coach.<\/h2>\n\n\n\n<p>Als ein <strong>Business Coach und Berater, <\/strong>Sie begleitet F\u00fchrungskr\u00e4fte und Manager einzeln oder als Teil von Gruppen oder Teams dabei, ihre Herausforderungen erfolgreich zu meistern und Probleme effektiv zu l\u00f6sen, indem sie zu mutigem Wachstum, respektvoller Kommunikation und sinnvollen Gespr\u00e4chen ermutigt. Mit einem ausgepr\u00e4gten Bewusstsein f\u00fcr das Endergebnis eines jeden Kunden sch\u00f6pft Pascale aus ihrer umfangreichen Erfahrung in Unternehmen, um F\u00fchrungskr\u00e4fte und Manager produktiv zu einer besseren Leistung zu f\u00fchren.<\/p>\n\n\n\n<p>Als ein <strong>Lebensberater,<\/strong> Pascale unterst\u00fctzt Einzelpersonen, Paare und Gruppen bei der Bew\u00e4ltigung von Herausforderungen im Leben oder bei der Arbeit, wobei sie sich auf \u00dcberg\u00e4nge und Beziehungen spezialisiert hat. Sie begleitet auch internationale Expatriates und ihre Familien bei der erfolgreichen Integration in ihre neue Kultur und Umgebung und coacht Eltern beim Aufbau und der St\u00e4rkung gesunder, harmonischer Beziehungen zwischen Erwachsenen und Kindern zu Hause.<\/p>\n\n\n\n<p>Als ein <strong>Mentor Coach, <\/strong>Pascale unterst\u00fctzt Coaches bei der Ausbildung zu ihrem (n\u00e4chsten) Coaching-Zertifikat, indem sie in einem kollaborativen, wertsch\u00e4tzenden und dialogischen Prozess, der auf der Beobachtung von Live- oder aufgezeichneten Coaching-Sitzungen basiert, coacht und Feedback gibt.<\/p>\n\n\n\n<p>Pascales furchtloser, energiegeladener und enthusiastischer Coaching-Stil ist in tiefes menschliches Mitgef\u00fchl geh\u00fcllt, das ihren Klienten geholfen hat, Hindernisse zu \u00fcberwinden, um ein erf\u00fcllteres, ausgeglicheneres und damit gl\u00fccklicheres Leben und Arbeiten zu erreichen. Sie hat dazu beigetragen und aus erster Hand erfahren, wie Coaching Einzelpersonen, Paare, Gruppen und Teams bef\u00e4higt, Herausforderungen in Chancen f\u00fcr mutiges Wachstum zu Hause und am Arbeitsplatz zu verwandeln.<\/p>\n\n\n\n<h2 class=\"wp-block-heading\">Allgemeine und berufliche Bildung und Zertifizierungen<\/h2>\n\n\n\n<p>In ihrer Arbeit st\u00fctzt sie sich auf das Co-Active-Modell des Coaches Training Institute (CTI), Relationship Systems Coaching (ORSC), Adlersche Psychologie, Authentisches Gl\u00fcck, Positive Psychologie, Appreciative Inquiry, Imago Couples Theory, Psychodrama, Action Learning und Neurowissenschaften, um Klienten zu helfen, ihre gr\u00f6\u00dften Herausforderungen mutig anzugehen.<\/p>\n\n\n\n<p>Nach 12 Jahren in der Unternehmenswelt als internationale Vertriebs- und Marketingleiterin und nach ihrem DESCAF (MBA) an der Audencia Nantes Ecole de Management in Frankreich erhielt Pascale 2005 die Zertifizierung als Co-Active Certified Coach (CPCC) von CTI (The Coaches Training Institute), der weltweit f\u00fchrenden Coaching-Schule, und 2006 die Zertifizierung als Accredited Certified Coach (ACC) von ICF (International Coaching Federation).<\/p>\n\n\n\n<p>Im Jahr 2011 wurde Pascale von der ICF als Professional Certified Coach (PCC) zertifiziert und hat fast 300 Privat- und Gesch\u00e4ftskunden gecoacht. Sie steht kurz vor der MCC-Zertifizierung mit fast 2.500 Stunden Coaching und hat die folgenden Zertifizierungen:<\/p>\n\n\n\n<ul class=\"wp-block-list\"><li>ExpAdviser Certified Coach mit Net Expat<\/li><li>ICF Mentor Coach<\/li><li>Mentor Coach auf PCC-Ebene mit Reciprocoach<\/li><li>DISC-zertifiziert mit Assessments 24x7<\/li><li>CALC (zertifizierter Action Learning Coach) mit WIAL (World Institute of Action Learning)<\/li><li>DLP \/ ELP 360 zertifiziert mit MHS<\/li><li>Zertifizierter P\u00e4dagoge f\u00fcr positive Disziplin<\/li><\/ul>\n\n\n\n<h2 class=\"wp-block-heading\">Beruf und Zugeh\u00f6rigkeit<\/h2>\n\n\n\n<p>Heute leitet Pascale ihre eigene Privatpraxis (Global Life Coaching, LLC), die Einzelpersonen, Paare und Eltern coacht, andere Coaches betreut und Unternehmensteams leitet, um dringende und wichtige Probleme mithilfe des Action-Learning-Modells zu l\u00f6sen.<\/p>\n\n\n\n<p>Pascale arbeitet seit \u00fcber 11 Jahren als Consultant Coach f\u00fcr NET EXPAT, einem f\u00fchrenden europ\u00e4ischen Anbieter von Dienstleistungen f\u00fcr Expatriates, f\u00fcr den sie weltweit t\u00e4tige Mitarbeiter und deren Ehepartner bei der erfolgreichen Integration in ihre neue Kultur und Umgebung ber\u00e4t und interkulturelle Schulungen f\u00fcr Unternehmen durchf\u00fchrt.<\/p>\n\n\n\n<p>Im Jahr 2018 trat Pascale <a href=\"https:\/\/sequenceservices.com\/\" target=\"_blank\" rel=\"noreferrer noopener\">Sequence Counseling und Beratungsdienste<\/a> als neuen stellvertretenden Direktor f\u00fcr Unternehmensprogramme - mit der Aufgabe, Workshops und Seminare f\u00fcr achtsame F\u00fchrung und Wellness zu leiten und 1:1-Coachings f\u00fcr F\u00fchrungskr\u00e4fte durchzuf\u00fchren, wobei Action Learning f\u00fcr Team-Coachings und achtsamkeitsbasierte Arbeit als Grundlage f\u00fcr die Wellness-Seminare eingesetzt werden.<\/p>\n\n\n\n<p>Pascale ist auch stolzer Coach Consultant Partner bei den franz\u00f6sischen Unternehmen <a href=\"https:\/\/www.lejourporteconseil.com\/\" target=\"_blank\" rel=\"noreferrer noopener\">le jour porte conseil<\/a> (eine Unternehmens- und Einzelhandelsberatungsfirma mit Sitz in Paris), mit der sie Schulungen und Missionen zur Unternehmensberatung leitet, und <a href=\"http:\/\/www.entuziasmo.eu\/\" target=\"_blank\" rel=\"noreferrer noopener\">Entuziasmo<\/a> (eine in Paris ans\u00e4ssige Beratungsorganisation f\u00fcr Lieferkettenmanagement), f\u00fcr die sie internationale F\u00fchrungskr\u00e4fte coacht.<\/p>\n\n\n\n<p>Dar\u00fcber hinaus ist Pascale eine zertifizierte Adlerianische Elternbildnerin und hat seit \u00fcber 15 Jahren Hunderte von Adlerianischen Elternbildungskursen und Workshops f\u00fcr Familien in DC und Umgebung durch das Parent Encouragement Program (PEP) in Kensington, MD, entwickelt und unterrichtet. Sie unterrichtet auch einige der Online-Kurse von PEP.<\/p>\n\n\n\n<h2 class=\"wp-block-heading\">Eine lebenslange Erfahrung<\/h2>\n\n\n\n<p>Schlie\u00dflich bringt Pascale ihre pers\u00f6nlichen Lebenserfahrungen als Weltb\u00fcrgerin und internationale Vertriebs- und Marketingleiterin in der High-Tech- und Datenkommunikationsbranche mit: Sie wurde in Paris, Frankreich, als Tochter eines deutsch-franz\u00f6sischen Paares geboren, wuchs zweisprachig auf und begann schon fr\u00fch, allein zu reisen.<\/p>\n\n\n\n<p>Sie studierte in Frankreich und den USA und arbeitete im internationalen Vertrieb und Marketing in Frankreich, Deutschland und den USA. Ihre Arbeit f\u00fchrte sie in Dutzende von L\u00e4ndern in Amerika, Europa und Asien.<\/p>\n\n\n\n<p>Heute spricht Pascale flie\u00dfend drei Sprachen und ihre Erfahrungen haben ihr ein tiefgreifendes kulturelles Verst\u00e4ndnis der meisten europ\u00e4ischen und mehrerer asiatischer und s\u00fcdamerikanischer Kulturen vermittelt.<\/p>\n\n\n\n<h2 class=\"wp-block-heading\">Schulen, Abschl\u00fcsse und Zertifizierungen<\/h2>\n\n\n\n<p>HIER INHALTE HINZUF\u00dcGEN!<\/p>\n\n\n\n<h2 class=\"wp-block-heading\">Berufliche Zugeh\u00f6rigkeiten<\/h2>\n\n\n\n<p>HIER INHALTE HINZUF\u00dcGEN!<\/p>","protected":false},"excerpt":{"rendered":"<p>Pascale Brady, The Challenge Coach Pascale Brady, founder and President of Global Life Coaching LLC, is The Challenge Coach\u00a9. She is a life and business coach, consultant, trainer and speaker [&hellip;]<\/p>\n","protected":false},"author":1,"featured_media":0,"parent":0,"menu_order":0,"comment_status":"closed","ping_status":"closed","template":"","meta":{"_monsterinsights_skip_tracking":false,"_monsterinsights_sitenote_active":false,"_monsterinsights_sitenote_note":"","_monsterinsights_sitenote_category":0,"footnotes":""},"class_list":["post-157","page","type-page","status-publish","czr-hentry"],"yoast_head":"<!-- This site is optimized with the Yoast SEO plugin v27.4 - https:\/\/yoast.com\/product\/yoast-seo-wordpress\/ -->\n<title>THE CHALLENGE COACH &#8211; The Challenge Coach<\/title>\n<meta name=\"robots\" content=\"index, follow, max-snippet:-1, max-image-preview:large, max-video-preview:-1\" \/>\n<link rel=\"canonical\" href=\"https:\/\/thechallengecoach.com\/de\/the-challenge-coach\/\" \/>\n<meta property=\"og:locale\" content=\"de_DE\" \/>\n<meta property=\"og:type\" content=\"article\" \/>\n<meta property=\"og:title\" content=\"THE CHALLENGE COACH &#8211; The Challenge Coach\" \/>\n<meta property=\"og:description\" content=\"Pascale Brady, The Challenge Coach Pascale Brady, founder and President of Global Life Coaching LLC, is The Challenge Coach\u00a9. She is a life and business coach, consultant, trainer and speaker [&hellip;]\" \/>\n<meta property=\"og:url\" content=\"https:\/\/thechallengecoach.com\/de\/the-challenge-coach\/\" \/>\n<meta property=\"og:site_name\" content=\"The Challenge Coach\" \/>\n<meta property=\"article:publisher\" content=\"https:\/\/www.facebook.com\/Pascale.Brady.TheChallengeCoach\" \/>\n<meta property=\"article:modified_time\" content=\"2021-02-10T08:01:16+00:00\" \/>\n<meta name=\"twitter:card\" content=\"summary_large_image\" \/>\n<meta name=\"twitter:site\" content=\"@pascalebrady\" \/>\n<meta name=\"twitter:label1\" content=\"Gesch\u00e4tzte Lesezeit\" \/>\n\t<meta name=\"twitter:data1\" content=\"4\u00a0Minuten\" \/>\n<script type=\"application\/ld+json\" class=\"yoast-schema-graph\">{\"@context\":\"https:\\\/\\\/schema.org\",\"@graph\":[{\"@type\":\"WebPage\",\"@id\":\"https:\\\/\\\/thechallengecoach.com\\\/fr\\\/the-challenge-coach\",\"url\":\"https:\\\/\\\/thechallengecoach.com\\\/fr\\\/the-challenge-coach\",\"name\":\"THE CHALLENGE COACH &#8211; The Challenge Coach\",\"isPartOf\":{\"@id\":\"https:\\\/\\\/thechallengecoach.com\\\/#website\"},\"datePublished\":\"2020-09-15T15:43:08+00:00\",\"dateModified\":\"2021-02-10T08:01:16+00:00\",\"breadcrumb\":{\"@id\":\"https:\\\/\\\/thechallengecoach.com\\\/fr\\\/the-challenge-coach#breadcrumb\"},\"inLanguage\":\"de\",\"potentialAction\":[{\"@type\":\"ReadAction\",\"target\":[\"https:\\\/\\\/thechallengecoach.com\\\/fr\\\/the-challenge-coach\"]}]},{\"@type\":\"BreadcrumbList\",\"@id\":\"https:\\\/\\\/thechallengecoach.com\\\/fr\\\/the-challenge-coach#breadcrumb\",\"itemListElement\":[{\"@type\":\"ListItem\",\"position\":1,\"name\":\"Home\",\"item\":\"https:\\\/\\\/thechallengecoach.com\\\/\"},{\"@type\":\"ListItem\",\"position\":2,\"name\":\"THE CHALLENGE COACH\"}]},{\"@type\":\"WebSite\",\"@id\":\"https:\\\/\\\/thechallengecoach.com\\\/#website\",\"url\":\"https:\\\/\\\/thechallengecoach.com\\\/\",\"name\":\"The Challenge Coach\",\"description\":\"Transforming challenges into growth and success\",\"publisher\":{\"@id\":\"https:\\\/\\\/thechallengecoach.com\\\/#organization\"},\"potentialAction\":[{\"@type\":\"SearchAction\",\"target\":{\"@type\":\"EntryPoint\",\"urlTemplate\":\"https:\\\/\\\/thechallengecoach.com\\\/?s={search_term_string}\"},\"query-input\":{\"@type\":\"PropertyValueSpecification\",\"valueRequired\":true,\"valueName\":\"search_term_string\"}}],\"inLanguage\":\"de\"},{\"@type\":\"Organization\",\"@id\":\"https:\\\/\\\/thechallengecoach.com\\\/#organization\",\"name\":\"The Challenge Coach\",\"url\":\"https:\\\/\\\/thechallengecoach.com\\\/\",\"logo\":{\"@type\":\"ImageObject\",\"inLanguage\":\"de\",\"@id\":\"https:\\\/\\\/thechallengecoach.com\\\/#\\\/schema\\\/logo\\\/image\\\/\",\"url\":\"https:\\\/\\\/thechallengecoach.com\\\/wp-content\\\/uploads\\\/2023\\\/02\\\/The-Challenge-Coach-logo-RGB-small.jpg\",\"contentUrl\":\"https:\\\/\\\/thechallengecoach.com\\\/wp-content\\\/uploads\\\/2023\\\/02\\\/The-Challenge-Coach-logo-RGB-small.jpg\",\"width\":600,\"height\":179,\"caption\":\"The Challenge Coach\"},\"image\":{\"@id\":\"https:\\\/\\\/thechallengecoach.com\\\/#\\\/schema\\\/logo\\\/image\\\/\"},\"sameAs\":[\"https:\\\/\\\/www.facebook.com\\\/Pascale.Brady.TheChallengeCoach\",\"https:\\\/\\\/x.com\\\/pascalebrady\",\"https:\\\/\\\/instagram.com\\\/the_challenge_coach\",\"https:\\\/\\\/www.linkedin.com\\\/in\\\/TheChallengeCoach\",\"https:\\\/\\\/www.pinterest.com\\\/globallifecoach\"]}]}<\/script>\n<!-- \/ Yoast SEO plugin. -->","yoast_head_json":{"title":"THE CHALLENGE COACH &#8211; The Challenge Coach","robots":{"index":"index","follow":"follow","max-snippet":"max-snippet:-1","max-image-preview":"max-image-preview:large","max-video-preview":"max-video-preview:-1"},"canonical":"https:\/\/thechallengecoach.com\/de\/the-challenge-coach\/","og_locale":"de_DE","og_type":"article","og_title":"THE CHALLENGE COACH &#8211; The Challenge Coach","og_description":"Pascale Brady, The Challenge Coach Pascale Brady, founder and President of Global Life Coaching LLC, is The Challenge Coach\u00a9. She is a life and business coach, consultant, trainer and speaker [&hellip;]","og_url":"https:\/\/thechallengecoach.com\/de\/the-challenge-coach\/","og_site_name":"The Challenge Coach","article_publisher":"https:\/\/www.facebook.com\/Pascale.Brady.TheChallengeCoach","article_modified_time":"2021-02-10T08:01:16+00:00","twitter_card":"summary_large_image","twitter_site":"@pascalebrady","twitter_misc":{"Gesch\u00e4tzte Lesezeit":"4\u00a0Minuten"},"schema":{"@context":"https:\/\/schema.org","@graph":[{"@type":"WebPage","@id":"https:\/\/thechallengecoach.com\/fr\/the-challenge-coach","url":"https:\/\/thechallengecoach.com\/fr\/the-challenge-coach","name":"THE CHALLENGE COACH &#8211; The Challenge Coach","isPartOf":{"@id":"https:\/\/thechallengecoach.com\/#website"},"datePublished":"2020-09-15T15:43:08+00:00","dateModified":"2021-02-10T08:01:16+00:00","breadcrumb":{"@id":"https:\/\/thechallengecoach.com\/fr\/the-challenge-coach#breadcrumb"},"inLanguage":"de","potentialAction":[{"@type":"ReadAction","target":["https:\/\/thechallengecoach.com\/fr\/the-challenge-coach"]}]},{"@type":"BreadcrumbList","@id":"https:\/\/thechallengecoach.com\/fr\/the-challenge-coach#breadcrumb","itemListElement":[{"@type":"ListItem","position":1,"name":"Home","item":"https:\/\/thechallengecoach.com\/"},{"@type":"ListItem","position":2,"name":"THE CHALLENGE COACH"}]},{"@type":"WebSite","@id":"https:\/\/thechallengecoach.com\/#website","url":"https:\/\/thechallengecoach.com\/","name":"Der Challenge Coach","description":"Herausforderungen in Wachstum und Erfolg verwandeln","publisher":{"@id":"https:\/\/thechallengecoach.com\/#organization"},"potentialAction":[{"@type":"SearchAction","target":{"@type":"EntryPoint","urlTemplate":"https:\/\/thechallengecoach.com\/?s={search_term_string}"},"query-input":{"@type":"PropertyValueSpecification","valueRequired":true,"valueName":"search_term_string"}}],"inLanguage":"de"},{"@type":"Organization","@id":"https:\/\/thechallengecoach.com\/#organization","name":"Der Challenge Coach","url":"https:\/\/thechallengecoach.com\/","logo":{"@type":"ImageObject","inLanguage":"de","@id":"https:\/\/thechallengecoach.com\/#\/schema\/logo\/image\/","url":"https:\/\/thechallengecoach.com\/wp-content\/uploads\/2023\/02\/The-Challenge-Coach-logo-RGB-small.jpg","contentUrl":"https:\/\/thechallengecoach.com\/wp-content\/uploads\/2023\/02\/The-Challenge-Coach-logo-RGB-small.jpg","width":600,"height":179,"caption":"The Challenge Coach"},"image":{"@id":"https:\/\/thechallengecoach.com\/#\/schema\/logo\/image\/"},"sameAs":["https:\/\/www.facebook.com\/Pascale.Brady.TheChallengeCoach","https:\/\/x.com\/pascalebrady","https:\/\/instagram.com\/the_challenge_coach","https:\/\/www.linkedin.com\/in\/TheChallengeCoach","https:\/\/www.pinterest.com\/globallifecoach"]}]}},"jetpack_sharing_enabled":true,"_links":{"self":[{"href":"https:\/\/thechallengecoach.com\/de\/wp-json\/wp\/v2\/pages\/157","targetHints":{"allow":["GET"]}}],"collection":[{"href":"https:\/\/thechallengecoach.com\/de\/wp-json\/wp\/v2\/pages"}],"about":[{"href":"https:\/\/thechallengecoach.com\/de\/wp-json\/wp\/v2\/types\/page"}],"author":[{"embeddable":true,"href":"https:\/\/thechallengecoach.com\/de\/wp-json\/wp\/v2\/users\/1"}],"replies":[{"embeddable":true,"href":"https:\/\/thechallengecoach.com\/de\/wp-json\/wp\/v2\/comments?post=157"}],"version-history":[{"count":0,"href":"https:\/\/thechallengecoach.com\/de\/wp-json\/wp\/v2\/pages\/157\/revisions"}],"wp:attachment":[{"href":"https:\/\/thechallengecoach.com\/de\/wp-json\/wp\/v2\/media?parent=157"}],"curies":[{"name":"wp","href":"https:\/\/api.w.org\/{rel}","templated":true}]}}